{"id":504,"date":"2019-03-15T00:19:15","date_gmt":"2019-03-14T23:19:15","guid":{"rendered":"https:\/\/bolland-marotz.de\/?page_id=504"},"modified":"2019-03-15T00:19:46","modified_gmt":"2019-03-14T23:19:46","slug":"live-bieten-so-funktionierts","status":"publish","type":"page","link":"https:\/\/bolland-marotz.de\/en\/live-bieten-so-funktionierts\/","title":{"rendered":"Live-Bieten \u2013 So funktionierts"},"content":{"rendered":"\n<h4 class=\"wp-block-heading\">1. Registrieren<\/h4>\n\n\n\n<p>Bitte registrieren Sie sich zun\u00e4chst auf der Seite als Benutzer. Klicken Sie dazu auf den Link Registrieren und tragen Sie dort Ihre E-mail-Adresse und ein von Ihnen gew\u00e4hltes Passwort ein. Sie erhalten umgehend an Ihre angegebene E-mail-Adresse eine E-mail mit einem Aktivierungslink. Klicken Sie diesen, um Ihren Zugang zu aktivieren. Nun k\u00f6nnen Sie sich durch Klick auf den Anmelden Button in der rechten oberen Ecke der Seite anmelden.<\/p>\n\n\n\n<h4 class=\"wp-block-heading\">2. F\u00fcllen Sie Ihr Profil vollst\u00e4ndig aus&nbsp;<\/h4>\n\n\n\n<p>Nachdem Sie sich mit Ihrer&nbsp; Email-Adresse und Ihrem Passwort angemeldet haben,&nbsp; navigieren Sie im Men\u00fc \u00fcber \u201aMein Profil\u2018 zum Men\u00fcpunkt \u201aProfildaten\u2018. F\u00fcllen Sie bitte alle Pflichtfelder aus und klicken Sie abschlie\u00dfend auf \u201aSpeichern\u2018.<\/p>\n\n\n\n<h4 class=\"wp-block-heading\">&nbsp;3. Akzeptieren Sie bitte die Versteigerungsbedingungen &nbsp;<\/h4>\n\n\n\n<p>Navigieren Sie hierzu \u00fcber das Men\u00fc \u201aAuktionen\u2018 auf \u201aLive-Auktion\u2018. Hier k\u00f6nnen Sie im Absatz \u201aFreischaltung\u2018 die Versteigerungsbedingungen des Auktionshauses \u00fcber das Feld \u201aVersteigerungsbedingungen\u2018 einsehen. Klicken Sie unter den Versteigerungsbedingungen auf \u201aAkzeptieren\u2018, um ihnen zuzustimmen.<\/p>\n\n\n\n<h4 class=\"wp-block-heading\">4. Freischaltung als Live-Bieter beantragen&nbsp;<\/h4>\n\n\n\n<p>Vor jeder Auktion m\u00fcssen Sie die Freischaltung als Live-Bieter neu beantragen. Sofern der Online-Katalog ver\u00f6ffentlicht wurde, k\u00f6nnen Sie sofort die Freischaltung online beantragen. Wenn die Freischaltung erst sp\u00e4ter als 24 Stunden vor der Auktion beantragt wird, kann es sein, dass wir den Freischaltungswunsch nicht mehr rechtzeitig bearbeiten k\u00f6nnen!<\/p>\n\n\n\n<p>Klicken Sie bitte auf dieser Seite auf den Button \u201eHier Freischaltungsstatus pr\u00fcfen\u201c. Sofern der Online-Katalog aktiv ist, sehen Sie Ihre Berechtigungen. Klicken Sie auf das Feld \u201aBerechtigung anfordern\u2018. Das Feld wird nun gelb und Ihre Freischaltung wird direkt beim Auktionshaus beantragt. Falls Sie keine Berechtigungen sehen, ist die Auktion noch nicht freigeschaltet und Sie sehen den Hinweis \u201eSobald eine Live-Auktion ansteht k\u00f6nnen Sie hier Berechtigung f\u00fcr die Auktion beantragen bzw. \u00fcberpr\u00fcfen.\u201c<\/p>\n\n\n\n<p>Sobald das Auktionshaus eine Freischaltung erteilt, werden Sie per E-Mail informiert und k\u00f6nnen \u00fcber den Button \u201eHier Freischaltungsstatus pr\u00fcfen\u201c sehen, dass das Feld nun gr\u00fcn hinterlegt ist.<\/p>\n\n\n\n<p>Herzlichen Gl\u00fcckwunsch! Sie k\u00f6nnen nun an der Live-Auktion teilnehmen.<\/p>\n","protected":false},"excerpt":{"rendered":"<p>1. Registrieren Bitte registrieren Sie sich zun\u00e4chst auf der Seite als Benutzer. Klicken Sie dazu auf den Link Registrieren und tragen Sie dort Ihre E-mail-Adresse und ein von Ihnen gew\u00e4hltes Passwort ein. Sie erhalten umgehend an Ihre angegebene E-mail-Adresse eine E-mail mit einem Aktivierungslink. Klicken Sie diesen, um Ihren Zugang zu aktivieren. Nun k\u00f6nnen Sie [&hellip;]<\/p>\n","protected":false},"author":1,"featured_media":0,"parent":0,"menu_order":0,"comment_status":"closed","ping_status":"closed","template":"","meta":{"_acf_changed":false,"footnotes":""},"class_list":["post-504","page","type-page","status-publish","hentry"],"acf":{"page_header_title":"","page_header_content":"","page_header_footer":""},"yoast_head":"<!-- This site is optimized with the Yoast SEO plugin v27.2 - https:\/\/yoast.com\/product\/yoast-seo-wordpress\/ -->\n<title>Live-Bieten \u2013 So funktionierts - Bolland &amp; Marotz<\/title>\n<meta name=\"robots\" content=\"index, follow, max-snippet:-1, max-image-preview:large, max-video-preview:-1\" \/>\n<link rel=\"canonical\" href=\"https:\/\/bolland-marotz.de\/en\/live-bieten-so-funktionierts\/\" \/>\n<meta property=\"og:locale\" content=\"en_US\" \/>\n<meta property=\"og:locale:alternate\" content=\"de_DE\" \/>\n<meta property=\"og:type\" content=\"article\" \/>\n<meta property=\"og:title\" content=\"Live-Bieten \u2013 So funktionierts - Bolland &amp; Marotz\" \/>\n<meta property=\"og:description\" content=\"1. Registrieren Bitte registrieren Sie sich zun\u00e4chst auf der Seite als Benutzer. Klicken Sie dazu auf den Link Registrieren und tragen Sie dort Ihre E-mail-Adresse und ein von Ihnen gew\u00e4hltes Passwort ein. Sie erhalten umgehend an Ihre angegebene E-mail-Adresse eine E-mail mit einem Aktivierungslink. Klicken Sie diesen, um Ihren Zugang zu aktivieren. Nun k\u00f6nnen Sie [&hellip;]\" \/>\n<meta property=\"og:url\" content=\"https:\/\/bolland-marotz.de\/en\/live-bieten-so-funktionierts\/\" \/>\n<meta property=\"og:site_name\" content=\"Bolland &amp; Marotz\" \/>\n<meta property=\"article:modified_time\" content=\"2019-03-14T23:19:46+00:00\" \/>\n<meta name=\"twitter:card\" content=\"summary_large_image\" \/>\n<meta name=\"twitter:label1\" content=\"Est. reading time\" \/>\n\t<meta name=\"twitter:data1\" content=\"2 minutes\" \/>\n<script type=\"application\/ld+json\" class=\"yoast-schema-graph\">{\"@context\":\"https:\/\/schema.org\",\"@graph\":[{\"@type\":\"WebPage\",\"@id\":\"https:\/\/bolland-marotz.de\/live-bieten-so-funktionierts\/\",\"url\":\"https:\/\/bolland-marotz.de\/live-bieten-so-funktionierts\/\",\"name\":\"Live-Bieten \u2013 So funktionierts - Bolland & Marotz\",\"isPartOf\":{\"@id\":\"https:\/\/bolland-marotz.de\/#website\"},\"datePublished\":\"2019-03-14T23:19:15+00:00\",\"dateModified\":\"2019-03-14T23:19:46+00:00\",\"breadcrumb\":{\"@id\":\"https:\/\/bolland-marotz.de\/live-bieten-so-funktionierts\/#breadcrumb\"},\"inLanguage\":\"en-US\",\"potentialAction\":[{\"@type\":\"ReadAction\",\"target\":[\"https:\/\/bolland-marotz.de\/live-bieten-so-funktionierts\/\"]}]},{\"@type\":\"BreadcrumbList\",\"@id\":\"https:\/\/bolland-marotz.de\/live-bieten-so-funktionierts\/#breadcrumb\",\"itemListElement\":[{\"@type\":\"ListItem\",\"position\":1,\"name\":\"Startseite\",\"item\":\"https:\/\/bolland-marotz.de\/\"},{\"@type\":\"ListItem\",\"position\":2,\"name\":\"Live-Bieten \u2013 So funktionierts\"}]},{\"@type\":\"WebSite\",\"@id\":\"https:\/\/bolland-marotz.de\/#website\",\"url\":\"https:\/\/bolland-marotz.de\/\",\"name\":\"Bolland & Marotz\",\"description\":\"\",\"potentialAction\":[{\"@type\":\"SearchAction\",\"target\":{\"@type\":\"EntryPoint\",\"urlTemplate\":\"https:\/\/bolland-marotz.de\/?s={search_term_string}\"},\"query-input\":{\"@type\":\"PropertyValueSpecification\",\"valueRequired\":true,\"valueName\":\"search_term_string\"}}],\"inLanguage\":\"en-US\"}]}<\/script>\n<!-- \/ Yoast SEO plugin. -->","yoast_head_json":{"title":"Live-Bieten \u2013 So funktionierts - Bolland & Marotz","robots":{"index":"index","follow":"follow","max-snippet":"max-snippet:-1","max-image-preview":"max-image-preview:large","max-video-preview":"max-video-preview:-1"},"canonical":"https:\/\/bolland-marotz.de\/en\/live-bieten-so-funktionierts\/","og_locale":"en_US","og_type":"article","og_title":"Live-Bieten \u2013 So funktionierts - Bolland & Marotz","og_description":"1. Registrieren Bitte registrieren Sie sich zun\u00e4chst auf der Seite als Benutzer. Klicken Sie dazu auf den Link Registrieren und tragen Sie dort Ihre E-mail-Adresse und ein von Ihnen gew\u00e4hltes Passwort ein. Sie erhalten umgehend an Ihre angegebene E-mail-Adresse eine E-mail mit einem Aktivierungslink. Klicken Sie diesen, um Ihren Zugang zu aktivieren. Nun k\u00f6nnen Sie [&hellip;]","og_url":"https:\/\/bolland-marotz.de\/en\/live-bieten-so-funktionierts\/","og_site_name":"Bolland & Marotz","article_modified_time":"2019-03-14T23:19:46+00:00","twitter_card":"summary_large_image","twitter_misc":{"Est. reading time":"2 minutes"},"schema":{"@context":"https:\/\/schema.org","@graph":[{"@type":"WebPage","@id":"https:\/\/bolland-marotz.de\/live-bieten-so-funktionierts\/","url":"https:\/\/bolland-marotz.de\/live-bieten-so-funktionierts\/","name":"Live-Bieten \u2013 So funktionierts - Bolland & Marotz","isPartOf":{"@id":"https:\/\/bolland-marotz.de\/#website"},"datePublished":"2019-03-14T23:19:15+00:00","dateModified":"2019-03-14T23:19:46+00:00","breadcrumb":{"@id":"https:\/\/bolland-marotz.de\/live-bieten-so-funktionierts\/#breadcrumb"},"inLanguage":"en-US","potentialAction":[{"@type":"ReadAction","target":["https:\/\/bolland-marotz.de\/live-bieten-so-funktionierts\/"]}]},{"@type":"BreadcrumbList","@id":"https:\/\/bolland-marotz.de\/live-bieten-so-funktionierts\/#breadcrumb","itemListElement":[{"@type":"ListItem","position":1,"name":"Startseite","item":"https:\/\/bolland-marotz.de\/"},{"@type":"ListItem","position":2,"name":"Live-Bieten \u2013 So funktionierts"}]},{"@type":"WebSite","@id":"https:\/\/bolland-marotz.de\/#website","url":"https:\/\/bolland-marotz.de\/","name":"Bolland & Marotz","description":"","potentialAction":[{"@type":"SearchAction","target":{"@type":"EntryPoint","urlTemplate":"https:\/\/bolland-marotz.de\/?s={search_term_string}"},"query-input":{"@type":"PropertyValueSpecification","valueRequired":true,"valueName":"search_term_string"}}],"inLanguage":"en-US"}]}},"_links":{"self":[{"href":"https:\/\/bolland-marotz.de\/en\/wp-json\/wp\/v2\/pages\/504","targetHints":{"allow":["GET"]}}],"collection":[{"href":"https:\/\/bolland-marotz.de\/en\/wp-json\/wp\/v2\/pages"}],"about":[{"href":"https:\/\/bolland-marotz.de\/en\/wp-json\/wp\/v2\/types\/page"}],"author":[{"embeddable":true,"href":"https:\/\/bolland-marotz.de\/en\/wp-json\/wp\/v2\/users\/1"}],"replies":[{"embeddable":true,"href":"https:\/\/bolland-marotz.de\/en\/wp-json\/wp\/v2\/comments?post=504"}],"version-history":[{"count":0,"href":"https:\/\/bolland-marotz.de\/en\/wp-json\/wp\/v2\/pages\/504\/revisions"}],"wp:attachment":[{"href":"https:\/\/bolland-marotz.de\/en\/wp-json\/wp\/v2\/media?parent=504"}],"curies":[{"name":"wp","href":"https:\/\/api.w.org\/{rel}","templated":true}]}}