{"id":50370,"date":"2024-03-08T13:26:43","date_gmt":"2024-03-08T12:26:43","guid":{"rendered":"https:\/\/bolland-marotz.de\/?page_id=50370"},"modified":"2024-05-07T10:16:25","modified_gmt":"2024-05-07T08:16:25","slug":"antike-silber","status":"publish","type":"page","link":"https:\/\/bolland-marotz.de\/en\/antike-silber\/","title":{"rendered":"Kategorie Silber"},"content":{"rendered":"\n<figure class=\"wp-block-image size-large\"><img loading=\"lazy\" decoding=\"async\" width=\"1024\" height=\"682\" src=\"https:\/\/bolland-marotz.de\/wp-content\/uploads\/2024\/03\/Historia_silver_4-scaled-1-1024x682.webp\" alt=\"\" class=\"wp-image-50381\" srcset=\"https:\/\/bolland-marotz.de\/wp-content\/uploads\/2024\/03\/Historia_silver_4-scaled-1-1024x682.webp 1024w, https:\/\/bolland-marotz.de\/wp-content\/uploads\/2024\/03\/Historia_silver_4-scaled-1-300x200.webp 300w, https:\/\/bolland-marotz.de\/wp-content\/uploads\/2024\/03\/Historia_silver_4-scaled-1-1536x1024.webp 1536w, https:\/\/bolland-marotz.de\/wp-content\/uploads\/2024\/03\/Historia_silver_4-scaled-1-2048x1365.webp 2048w, https:\/\/bolland-marotz.de\/wp-content\/uploads\/2024\/03\/Historia_silver_4-scaled-1-768x512.webp 768w, https:\/\/bolland-marotz.de\/wp-content\/uploads\/2024\/03\/Historia_silver_4-scaled-1-1500x1000.webp 1500w, https:\/\/bolland-marotz.de\/wp-content\/uploads\/2024\/03\/Historia_silver_4-scaled-1-10x7.webp 10w\" sizes=\"auto, (max-width: 1024px) 100vw, 1024px\" \/><\/figure>\n\n\n\n<p>In der Auktionskategorie Silber bei Bolland &#038; Marotz bieten wir eine exklusive Auswahl an Silberwaren, die von antiken Meisterst\u00fccken bis zu modernen Kreationen reicht. Unsere Auktionen umfassen ein breites Spektrum an Objekten wie Bestecksets, Tafelsilber, Kerzenleuchter, Teeservices und dekorative Kunstgegenst\u00e4nde, die alle durch ihre Qualit\u00e4t, ihr Design und ihre Handwerkskunst beeindrucken.<\/p>\n\n\n\n<p>Ob Sie eine Leidenschaft f\u00fcr historisches Silber haben, nach funktionalen <strong><em>Schmuck<\/em><\/strong>st\u00fccken f\u00fcr den t\u00e4glichen Gebrauch suchen oder einzigartige Objekte einliefern m\u00f6chten, unsere \u201eSilber\u201c-Kategorie bietet die perfekte Plattform. Bei Bolland &#038; Marotz finden Sie Sch\u00e4tze, die nicht nur eine Bereicherung f\u00fcr jede Sammlung darstellen, sondern auch das Potenzial haben, die Sch\u00f6nheit und Eleganz jeden Raumes zu erh\u00f6hen.<\/p>\n\n\n\n<p>Gerne k\u00f6nnen Sie pers\u00f6nlich in einem unserer H\u00e4user vorbeikommen oder Kontakt via E-Mail oder Telefon aufnehmen. Bei gr\u00f6\u00dferen Sammlungen besuchen wir Sie auf Wunsch auch gerne zu Hause.<\/p>\n\n\n\n<p>E-Mail: info@bolland-marotz.de<\/p>\n\n\n\n<div class=\"wp-block-query is-layout-flow wp-block-query-is-layout-flow\"><ul class=\"wp-block-post-template is-layout-flow wp-block-post-template-is-layout-flow\"><li class=\"wp-block-post post-56716 post type-post status-publish format-standard hentry category-produktkategorien category-silber\">\n<h2 class=\"wp-block-post-title\"><a href=\"https:\/\/bolland-marotz.de\/en\/wiener-werkstaette-designikonen-bei-bolland-marotz\/\" target=\"_self\" >Wiener Werkst\u00e4tte: Designikonen bei Bolland &#038; Marotz<\/a><\/h2>\n\n\n\n<div class=\"wp-block-post-excerpt\"><p class=\"wp-block-post-excerpt__excerpt\">Die Wiener Werkst\u00e4tte, gegr\u00fcndet im fr\u00fchen 20. Jahrhundert, revolutionierte die Welt des Designs und Kunsthandwerks. Bekannt f\u00fcr ihre umfassende Designphilosophie, schuf sie Objekte von beispielloser Sch\u00f6nheit und Qualit\u00e4t. Bolland &#038; Marotz ehrt das Erbe der Wiener Werkst\u00e4tte durch die Pr\u00e4sentation und Versteigerung ausgew\u00e4hlter St\u00fccke dieser epochemachenden Bewegung. Eine exklusive Auswahl an Designklassikern Unsere Auktionen bieten<\/p><p class=\"wp-block-post-excerpt__more-text\"><a class=\"wp-block-post-excerpt__more-link\" href=\"https:\/\/bolland-marotz.de\/en\/wiener-werkstaette-designikonen-bei-bolland-marotz\/\">Mehr lesen<\/a><\/p><\/div>\n\n\n<hr class=\"wp-block-separator has-css-opacity\"\/>\n\n\n<div class=\"wp-block-post-date\"><time datetime=\"2024-05-29T14:10:42+02:00\">29. May 2024<\/time><\/div>\n<\/li><li class=\"wp-block-post post-56711 post type-post status-publish format-standard hentry category-produktkategorien category-silber\">\n<h2 class=\"wp-block-post-title\"><a href=\"https:\/\/bolland-marotz.de\/en\/georg-jensen-zeitlose-eleganz-in-silber\/\" target=\"_self\" >Georg Jensen: Zeitlose Eleganz in Silber<\/a><\/h2>\n\n\n\n<div class=\"wp-block-post-excerpt\"><p class=\"wp-block-post-excerpt__excerpt\">Georg Jensen steht als Synonym f\u00fcr herausragendes d\u00e4nisches Design und meisterhafte Silberschmiedekunst. Seit der Gr\u00fcndung im Jahr 1904 hat sich die Marke durch ihre innovativen Designs und die hohe Qualit\u00e4t ihrer Produkte einen Namen gemacht. Von eleganten Bestecksets \u00fcber kunstvolle Schmuckst\u00fccke bis hin zu dekorativen Objekten \u2013 Georg Jensen verbindet Funktionalit\u00e4t mit Sch\u00f6nheit, Tradition mit<\/p><p class=\"wp-block-post-excerpt__more-text\"><a class=\"wp-block-post-excerpt__more-link\" href=\"https:\/\/bolland-marotz.de\/en\/georg-jensen-zeitlose-eleganz-in-silber\/\">Mehr lesen<\/a><\/p><\/div>\n\n\n<hr class=\"wp-block-separator has-css-opacity\"\/>\n\n\n<div class=\"wp-block-post-date\"><time datetime=\"2024-05-29T14:09:00+02:00\">29. May 2024<\/time><\/div>\n<\/li><li class=\"wp-block-post post-56708 post type-post status-publish format-standard hentry category-produktkategorien category-silber\">\n<h2 class=\"wp-block-post-title\"><a href=\"https:\/\/bolland-marotz.de\/en\/art-deco-silber-glanzvolle-aesthetik-bei-bolland-marotz\/\" target=\"_self\" >Art D\u00e9co-Silber: Glanzvolle \u00c4sthetik bei Bolland &#038; Marotz<\/a><\/h2>\n\n\n\n<div class=\"wp-block-post-excerpt\"><p class=\"wp-block-post-excerpt__excerpt\">Die \u00c4ra des Art D\u00e9co, bekannt f\u00fcr ihre stilistische Innovation und \u00e4sthetische Eleganz, hat im Bereich der Silberwaren au\u00dfergew\u00f6hnliche Werke hervorgebracht. Marken wie WMF, Wiener Werkst\u00e4tte und Hildesheimer Rose stehen f\u00fcr die herausragende Qualit\u00e4t und das Design, das diese Epoche pr\u00e4gte. Bolland &#038; Marotz pr\u00e4sentiert eine exklusive Auswahl an Art D\u00e9co-Silberwaren, die von Geschirr \u00fcber<\/p><p class=\"wp-block-post-excerpt__more-text\"><a class=\"wp-block-post-excerpt__more-link\" href=\"https:\/\/bolland-marotz.de\/en\/art-deco-silber-glanzvolle-aesthetik-bei-bolland-marotz\/\">Mehr lesen<\/a><\/p><\/div>\n\n\n<hr class=\"wp-block-separator has-css-opacity\"\/>\n\n\n<div class=\"wp-block-post-date\"><time datetime=\"2024-05-29T14:06:49+02:00\">29. May 2024<\/time><\/div>\n<\/li><li class=\"wp-block-post post-56705 post type-post status-publish format-standard hentry category-produktkategorien category-silber\">\n<h2 class=\"wp-block-post-title\"><a href=\"https:\/\/bolland-marotz.de\/en\/silberkannen-bei-bolland-marotz-glanzstuecke-renommierter-hersteller\/\" target=\"_self\" >Silberkannen bei Bolland &#038; Marotz: Glanzst\u00fccke renommierter Hersteller<\/a><\/h2>\n\n\n\n<div class=\"wp-block-post-excerpt\"><p class=\"wp-block-post-excerpt__excerpt\">Silberkannen, sei es f\u00fcr Kaffee, Tee oder Wasser, sind nicht nur Gebrauchsgegenst\u00e4nde, sondern auch Ausdruck feinster Silberschmiedekunst. Bei Bolland &#038; Marotz pr\u00e4sentieren wir eine Auswahl an Silberkannen von namhaften Herstellern wie WMF, Wiener Werkst\u00e4tte und der klassischen Hildesheimer Rose. Unsere Auktionen bieten eine hervorragende Gelegenheit, Ihre Silbersammlung mit St\u00fccken von herausragender Qualit\u00e4t und Geschichte zu<\/p><p class=\"wp-block-post-excerpt__more-text\"><a class=\"wp-block-post-excerpt__more-link\" href=\"https:\/\/bolland-marotz.de\/en\/silberkannen-bei-bolland-marotz-glanzstuecke-renommierter-hersteller\/\">Mehr lesen<\/a><\/p><\/div>\n\n\n<hr class=\"wp-block-separator has-css-opacity\"\/>\n\n\n<div class=\"wp-block-post-date\"><time datetime=\"2024-05-29T14:04:51+02:00\">29. May 2024<\/time><\/div>\n<\/li><li class=\"wp-block-post post-56702 post type-post status-publish format-standard hentry category-produktkategorien category-silber\">\n<h2 class=\"wp-block-post-title\"><a href=\"https:\/\/bolland-marotz.de\/en\/silberbesteck-kollektionen-bei-bolland-marotz-eleganz-und-handwerkskunst\/\" target=\"_self\" >Silberbesteck-Kollektionen bei Bolland &#038; Marotz: Eleganz und Handwerkskunst<\/a><\/h2>\n\n\n\n<div class=\"wp-block-post-excerpt\"><p class=\"wp-block-post-excerpt__excerpt\">Silberbesteck, nicht nur ein Gebrauchsgegenstand, sondern ein Zeichen von Tradition und feiner Tischkultur, erfreut sich bei Sammlern gro\u00dfer Beliebtheit. Bolland &#038; Marotz pr\u00e4sentiert exquisite Silberbesteck-Sets namhafter Hersteller wie WMF, Wiener Werkst\u00e4tte und der klassischen Hildesheimer Rose. Unsere Auktionen bieten die perfekte Gelegenheit, Ihre Silbersammlung zu erweitern oder mit der Aufl\u00f6sung einer Sammlung zu beginnen. Erlesene<\/p><p class=\"wp-block-post-excerpt__more-text\"><a class=\"wp-block-post-excerpt__more-link\" href=\"https:\/\/bolland-marotz.de\/en\/silberbesteck-kollektionen-bei-bolland-marotz-eleganz-und-handwerkskunst\/\">Mehr lesen<\/a><\/p><\/div>\n\n\n<hr class=\"wp-block-separator has-css-opacity\"\/>\n\n\n<div class=\"wp-block-post-date\"><time datetime=\"2024-05-29T14:03:20+02:00\">29. May 2024<\/time><\/div>\n<\/li><li class=\"wp-block-post post-51215 post type-post status-publish format-standard hentry category-produktkategorien category-silber\">\n<h2 class=\"wp-block-post-title\"><a href=\"https:\/\/bolland-marotz.de\/en\/wiener-werkstaette-designikonen-bei-bolland-marotz-2\/\" target=\"_self\" >Wiener Werkst\u00e4tte: Designikonen bei Bolland &#038; Marotz<\/a><\/h2>\n\n\n\n<div class=\"wp-block-post-excerpt\"><p class=\"wp-block-post-excerpt__excerpt\">Die Wiener Werkst\u00e4tte, gegr\u00fcndet im fr\u00fchen 20. Jahrhundert, revolutionierte die Welt des Designs und Kunsthandwerks. Bekannt f\u00fcr ihre umfassende Designphilosophie, schuf sie Objekte von beispielloser Sch\u00f6nheit und Qualit\u00e4t. Bolland &#038; Marotz ehrt das Erbe der Wiener Werkst\u00e4tte durch die Pr\u00e4sentation und Versteigerung ausgew\u00e4hlter St\u00fccke dieser epochemachenden Bewegung. Eine exklusive Auswahl an Designklassikern Unsere Auktionen bieten<\/p><p class=\"wp-block-post-excerpt__more-text\"><a class=\"wp-block-post-excerpt__more-link\" href=\"https:\/\/bolland-marotz.de\/en\/wiener-werkstaette-designikonen-bei-bolland-marotz-2\/\">Mehr lesen<\/a><\/p><\/div>\n\n\n<hr class=\"wp-block-separator has-css-opacity\"\/>\n\n\n<div class=\"wp-block-post-date\"><time datetime=\"2024-03-19T16:26:47+01:00\">19. March 2024<\/time><\/div>\n<\/li><li class=\"wp-block-post post-51213 post type-post status-publish format-standard hentry category-produktkategorien category-silber\">\n<h2 class=\"wp-block-post-title\"><a href=\"https:\/\/bolland-marotz.de\/en\/georg-jensen-zeitlose-eleganz-in-silber-2\/\" target=\"_self\" >Georg Jensen: Zeitlose Eleganz in Silber<\/a><\/h2>\n\n\n\n<div class=\"wp-block-post-excerpt\"><p class=\"wp-block-post-excerpt__excerpt\">Georg Jensen steht als Synonym f\u00fcr herausragendes d\u00e4nisches Design und meisterhafte Silberschmiedekunst. Seit der Gr\u00fcndung im Jahr 1904 hat sich die Marke durch ihre innovativen Designs und die hohe Qualit\u00e4t ihrer Produkte einen Namen gemacht. Von eleganten Bestecksets \u00fcber kunstvolle Schmuckst\u00fccke bis hin zu dekorativen Objekten \u2013 Georg Jensen verbindet Funktionalit\u00e4t mit Sch\u00f6nheit, Tradition mit<\/p><p class=\"wp-block-post-excerpt__more-text\"><a class=\"wp-block-post-excerpt__more-link\" href=\"https:\/\/bolland-marotz.de\/en\/georg-jensen-zeitlose-eleganz-in-silber-2\/\">Mehr lesen<\/a><\/p><\/div>\n\n\n<hr class=\"wp-block-separator has-css-opacity\"\/>\n\n\n<div class=\"wp-block-post-date\"><time datetime=\"2024-03-19T16:16:04+01:00\">19. March 2024<\/time><\/div>\n<\/li><li class=\"wp-block-post post-51211 post type-post status-publish format-standard hentry category-produktkategorien category-silber\">\n<h2 class=\"wp-block-post-title\"><a href=\"https:\/\/bolland-marotz.de\/en\/art-deco-silber-glanzvolle-aesthetik-bei-bolland-marotz-2\/\" target=\"_self\" >Art D\u00e9co-Silber: Glanzvolle \u00c4sthetik bei Bolland &#038; Marotz<\/a><\/h2>\n\n\n\n<div class=\"wp-block-post-excerpt\"><p class=\"wp-block-post-excerpt__excerpt\">Die \u00c4ra des Art D\u00e9co, bekannt f\u00fcr ihre stilistische Innovation und \u00e4sthetische Eleganz, hat im Bereich der Silberwaren au\u00dfergew\u00f6hnliche Werke hervorgebracht. Marken wie WMF, Wiener Werkst\u00e4tte und Hildesheimer Rose stehen f\u00fcr die herausragende Qualit\u00e4t und das Design, das diese Epoche pr\u00e4gte. Bolland &#038; Marotz pr\u00e4sentiert eine exklusive Auswahl an Art D\u00e9co-Silberwaren, die von Geschirr \u00fcber<\/p><p class=\"wp-block-post-excerpt__more-text\"><a class=\"wp-block-post-excerpt__more-link\" href=\"https:\/\/bolland-marotz.de\/en\/art-deco-silber-glanzvolle-aesthetik-bei-bolland-marotz-2\/\">Mehr lesen<\/a><\/p><\/div>\n\n\n<hr class=\"wp-block-separator has-css-opacity\"\/>\n\n\n<div class=\"wp-block-post-date\"><time datetime=\"2024-03-19T16:13:40+01:00\">19. March 2024<\/time><\/div>\n<\/li><li class=\"wp-block-post post-51207 post type-post status-publish format-standard hentry category-produktkategorien category-silber\">\n<h2 class=\"wp-block-post-title\"><a href=\"https:\/\/bolland-marotz.de\/en\/silberkannen-bei-bolland-marotz-glanzstuecke-renommierter-hersteller-2\/\" target=\"_self\" >Silberkannen bei Bolland &#038; Marotz: Glanzst\u00fccke renommierter Hersteller<\/a><\/h2>\n\n\n\n<div class=\"wp-block-post-excerpt\"><p class=\"wp-block-post-excerpt__excerpt\">Silberkannen, sei es f\u00fcr Kaffee, Tee oder Wasser, sind nicht nur Gebrauchsgegenst\u00e4nde, sondern auch Ausdruck feinster Silberschmiedekunst. Bei Bolland &#038; Marotz pr\u00e4sentieren wir eine Auswahl an Silberkannen von namhaften Herstellern wie WMF, Wiener Werkst\u00e4tte und der klassischen Hildesheimer Rose. Unsere Auktionen bieten eine hervorragende Gelegenheit, Ihre Silbersammlung mit St\u00fccken von herausragender Qualit\u00e4t und Geschichte zu<\/p><p class=\"wp-block-post-excerpt__more-text\"><a class=\"wp-block-post-excerpt__more-link\" href=\"https:\/\/bolland-marotz.de\/en\/silberkannen-bei-bolland-marotz-glanzstuecke-renommierter-hersteller-2\/\">Mehr lesen<\/a><\/p><\/div>\n\n\n<hr class=\"wp-block-separator has-css-opacity\"\/>\n\n\n<div class=\"wp-block-post-date\"><time datetime=\"2024-03-19T16:06:55+01:00\">19. March 2024<\/time><\/div>\n<\/li><li class=\"wp-block-post post-51205 post type-post status-publish format-standard hentry category-produktkategorien category-silber\">\n<h2 class=\"wp-block-post-title\"><a href=\"https:\/\/bolland-marotz.de\/en\/silberbesteck-kollektionen-bei-bolland-marotz-eleganz-und-handwerkskunst-2\/\" target=\"_self\" >Silberbesteck-Kollektionen bei Bolland &#038; Marotz: Eleganz und Handwerkskunst<\/a><\/h2>\n\n\n\n<div class=\"wp-block-post-excerpt\"><p class=\"wp-block-post-excerpt__excerpt\">Silberbesteck, nicht nur ein Gebrauchsgegenstand, sondern ein Zeichen von Tradition und feiner Tischkultur, erfreut sich bei Sammlern gro\u00dfer Beliebtheit. Bolland &#038; Marotz pr\u00e4sentiert exquisite Silberbesteck-Sets namhafter Hersteller wie WMF, Wiener Werkst\u00e4tte und der klassischen Hildesheimer Rose. Unsere Auktionen bieten die perfekte Gelegenheit, Ihre Silbersammlung zu erweitern oder mit der Aufl\u00f6sung einer Sammlung zu beginnen. Erlesene<\/p><p class=\"wp-block-post-excerpt__more-text\"><a class=\"wp-block-post-excerpt__more-link\" href=\"https:\/\/bolland-marotz.de\/en\/silberbesteck-kollektionen-bei-bolland-marotz-eleganz-und-handwerkskunst-2\/\">Mehr lesen<\/a><\/p><\/div>\n\n\n<hr class=\"wp-block-separator has-css-opacity\"\/>\n\n\n<div class=\"wp-block-post-date\"><time datetime=\"2024-03-19T16:04:20+01:00\">19. March 2024<\/time><\/div>\n<\/li><\/ul><\/div>\n","protected":false},"excerpt":{"rendered":"<p>In der Auktionskategorie Silber bei Bolland &#038; Marotz bieten wir eine exklusive Auswahl an Silberwaren, die von antiken Meisterst\u00fccken bis zu modernen Kreationen reicht. Unsere Auktionen umfassen ein breites Spektrum an Objekten wie Bestecksets, Tafelsilber, Kerzenleuchter, Teeservices und dekorative Kunstgegenst\u00e4nde, die alle durch ihre Qualit\u00e4t, ihr Design und ihre Handwerkskunst beeindrucken. Ob Sie eine Leidenschaft [&hellip;]<\/p>\n","protected":false},"author":4,"featured_media":51336,"parent":0,"menu_order":0,"comment_status":"closed","ping_status":"closed","template":"","meta":{"_acf_changed":false,"footnotes":""},"class_list":["post-50370","page","type-page","status-publish","has-post-thumbnail","hentry"],"acf":{"page_header_title":"","page_header_content":"","page_header_footer":""},"yoast_head":"<!-- This site is optimized with the Yoast SEO plugin v27.2 - https:\/\/yoast.com\/product\/yoast-seo-wordpress\/ -->\n<title>Antike Silber Auktion Deutschland - Bolland &amp; Marotz<\/title>\n<meta name=\"description\" content=\"Antike Silberauktion in Deutschland. Bolland &amp; Marotz ist der Online-Marktplatz in Bremen f\u00fcr den Kauf oder Verkauf von meisterhaften Silberbestecksets, Silberwaren, Kerzenst\u00e4ndern, Teeservices und dekorativen Kunstgegenst\u00e4nden zum besten Preis.\" \/>\n<meta name=\"robots\" content=\"index, follow, max-snippet:-1, max-image-preview:large, max-video-preview:-1\" \/>\n<link rel=\"canonical\" href=\"https:\/\/bolland-marotz.de\/en\/antike-silber\/\" \/>\n<meta property=\"og:locale\" content=\"en_US\" \/>\n<meta property=\"og:locale:alternate\" content=\"de_DE\" \/>\n<meta property=\"og:type\" content=\"article\" \/>\n<meta property=\"og:title\" content=\"Antike Silber Auktion Deutschland - Bolland &amp; Marotz\" \/>\n<meta property=\"og:description\" content=\"Antike Silberauktion in Deutschland. Bolland &amp; Marotz ist der Online-Marktplatz in Bremen f\u00fcr den Kauf oder Verkauf von meisterhaften Silberbestecksets, Silberwaren, Kerzenst\u00e4ndern, Teeservices und dekorativen Kunstgegenst\u00e4nden zum besten Preis.\" \/>\n<meta property=\"og:url\" content=\"https:\/\/bolland-marotz.de\/en\/antike-silber\/\" \/>\n<meta property=\"og:site_name\" content=\"Bolland &amp; Marotz\" \/>\n<meta property=\"article:modified_time\" content=\"2024-05-07T08:16:25+00:00\" \/>\n<meta property=\"og:image\" content=\"https:\/\/bolland-marotz.de\/wp-content\/uploads\/2024\/03\/Historia_silver_4-scaled-1-edited.webp\" \/>\n\t<meta property=\"og:image:width\" content=\"2560\" \/>\n\t<meta property=\"og:image:height\" content=\"1441\" \/>\n\t<meta property=\"og:image:type\" content=\"image\/webp\" \/>\n<meta name=\"twitter:card\" content=\"summary_large_image\" \/>\n<meta name=\"twitter:label1\" content=\"Est. reading time\" \/>\n\t<meta name=\"twitter:data1\" content=\"1 minute\" \/>\n<script type=\"application\/ld+json\" class=\"yoast-schema-graph\">{\"@context\":\"https:\/\/schema.org\",\"@graph\":[{\"@type\":\"WebPage\",\"@id\":\"https:\/\/bolland-marotz.de\/antike-silber\/\",\"url\":\"https:\/\/bolland-marotz.de\/antike-silber\/\",\"name\":\"Antike Silber Auktion Deutschland - Bolland & Marotz\",\"isPartOf\":{\"@id\":\"https:\/\/bolland-marotz.de\/#website\"},\"primaryImageOfPage\":{\"@id\":\"https:\/\/bolland-marotz.de\/antike-silber\/#primaryimage\"},\"image\":{\"@id\":\"https:\/\/bolland-marotz.de\/antike-silber\/#primaryimage\"},\"thumbnailUrl\":\"https:\/\/bolland-marotz.de\/wp-content\/uploads\/2024\/03\/Historia_silver_4-scaled-1-edited.webp\",\"datePublished\":\"2024-03-08T12:26:43+00:00\",\"dateModified\":\"2024-05-07T08:16:25+00:00\",\"description\":\"Antike Silberauktion in Deutschland. Bolland & Marotz ist der Online-Marktplatz in Bremen f\u00fcr den Kauf oder Verkauf von meisterhaften Silberbestecksets, Silberwaren, Kerzenst\u00e4ndern, Teeservices und dekorativen Kunstgegenst\u00e4nden zum besten Preis.\",\"breadcrumb\":{\"@id\":\"https:\/\/bolland-marotz.de\/antike-silber\/#breadcrumb\"},\"inLanguage\":\"en-US\",\"potentialAction\":[{\"@type\":\"ReadAction\",\"target\":[\"https:\/\/bolland-marotz.de\/antike-silber\/\"]}]},{\"@type\":\"ImageObject\",\"inLanguage\":\"en-US\",\"@id\":\"https:\/\/bolland-marotz.de\/antike-silber\/#primaryimage\",\"url\":\"https:\/\/bolland-marotz.de\/wp-content\/uploads\/2024\/03\/Historia_silver_4-scaled-1-edited.webp\",\"contentUrl\":\"https:\/\/bolland-marotz.de\/wp-content\/uploads\/2024\/03\/Historia_silver_4-scaled-1-edited.webp\",\"width\":2560,\"height\":1441,\"caption\":\"Antike Silberauktion Deutschland\"},{\"@type\":\"BreadcrumbList\",\"@id\":\"https:\/\/bolland-marotz.de\/antike-silber\/#breadcrumb\",\"itemListElement\":[{\"@type\":\"ListItem\",\"position\":1,\"name\":\"Startseite\",\"item\":\"https:\/\/bolland-marotz.de\/\"},{\"@type\":\"ListItem\",\"position\":2,\"name\":\"Kategorie Silber\"}]},{\"@type\":\"WebSite\",\"@id\":\"https:\/\/bolland-marotz.de\/#website\",\"url\":\"https:\/\/bolland-marotz.de\/\",\"name\":\"Bolland & Marotz\",\"description\":\"\",\"potentialAction\":[{\"@type\":\"SearchAction\",\"target\":{\"@type\":\"EntryPoint\",\"urlTemplate\":\"https:\/\/bolland-marotz.de\/?s={search_term_string}\"},\"query-input\":{\"@type\":\"PropertyValueSpecification\",\"valueRequired\":true,\"valueName\":\"search_term_string\"}}],\"inLanguage\":\"en-US\"}]}<\/script>\n<!-- \/ Yoast SEO plugin. -->","yoast_head_json":{"title":"Antike Silber Auktion Deutschland - Bolland & Marotz","description":"Antike Silberauktion in Deutschland. Bolland & Marotz ist der Online-Marktplatz in Bremen f\u00fcr den Kauf oder Verkauf von meisterhaften Silberbestecksets, Silberwaren, Kerzenst\u00e4ndern, Teeservices und dekorativen Kunstgegenst\u00e4nden zum besten Preis.","robots":{"index":"index","follow":"follow","max-snippet":"max-snippet:-1","max-image-preview":"max-image-preview:large","max-video-preview":"max-video-preview:-1"},"canonical":"https:\/\/bolland-marotz.de\/en\/antike-silber\/","og_locale":"en_US","og_type":"article","og_title":"Antike Silber Auktion Deutschland - Bolland & Marotz","og_description":"Antike Silberauktion in Deutschland. Bolland & Marotz ist der Online-Marktplatz in Bremen f\u00fcr den Kauf oder Verkauf von meisterhaften Silberbestecksets, Silberwaren, Kerzenst\u00e4ndern, Teeservices und dekorativen Kunstgegenst\u00e4nden zum besten Preis.","og_url":"https:\/\/bolland-marotz.de\/en\/antike-silber\/","og_site_name":"Bolland & Marotz","article_modified_time":"2024-05-07T08:16:25+00:00","og_image":[{"width":2560,"height":1441,"url":"https:\/\/bolland-marotz.de\/wp-content\/uploads\/2024\/03\/Historia_silver_4-scaled-1-edited.webp","type":"image\/webp"}],"twitter_card":"summary_large_image","twitter_misc":{"Est. reading time":"1 minute"},"schema":{"@context":"https:\/\/schema.org","@graph":[{"@type":"WebPage","@id":"https:\/\/bolland-marotz.de\/antike-silber\/","url":"https:\/\/bolland-marotz.de\/antike-silber\/","name":"Antike Silber Auktion Deutschland - Bolland & Marotz","isPartOf":{"@id":"https:\/\/bolland-marotz.de\/#website"},"primaryImageOfPage":{"@id":"https:\/\/bolland-marotz.de\/antike-silber\/#primaryimage"},"image":{"@id":"https:\/\/bolland-marotz.de\/antike-silber\/#primaryimage"},"thumbnailUrl":"https:\/\/bolland-marotz.de\/wp-content\/uploads\/2024\/03\/Historia_silver_4-scaled-1-edited.webp","datePublished":"2024-03-08T12:26:43+00:00","dateModified":"2024-05-07T08:16:25+00:00","description":"Antike Silberauktion in Deutschland. Bolland & Marotz ist der Online-Marktplatz in Bremen f\u00fcr den Kauf oder Verkauf von meisterhaften Silberbestecksets, Silberwaren, Kerzenst\u00e4ndern, Teeservices und dekorativen Kunstgegenst\u00e4nden zum besten Preis.","breadcrumb":{"@id":"https:\/\/bolland-marotz.de\/antike-silber\/#breadcrumb"},"inLanguage":"en-US","potentialAction":[{"@type":"ReadAction","target":["https:\/\/bolland-marotz.de\/antike-silber\/"]}]},{"@type":"ImageObject","inLanguage":"en-US","@id":"https:\/\/bolland-marotz.de\/antike-silber\/#primaryimage","url":"https:\/\/bolland-marotz.de\/wp-content\/uploads\/2024\/03\/Historia_silver_4-scaled-1-edited.webp","contentUrl":"https:\/\/bolland-marotz.de\/wp-content\/uploads\/2024\/03\/Historia_silver_4-scaled-1-edited.webp","width":2560,"height":1441,"caption":"Antike Silberauktion Deutschland"},{"@type":"BreadcrumbList","@id":"https:\/\/bolland-marotz.de\/antike-silber\/#breadcrumb","itemListElement":[{"@type":"ListItem","position":1,"name":"Startseite","item":"https:\/\/bolland-marotz.de\/"},{"@type":"ListItem","position":2,"name":"Kategorie Silber"}]},{"@type":"WebSite","@id":"https:\/\/bolland-marotz.de\/#website","url":"https:\/\/bolland-marotz.de\/","name":"Bolland & Marotz","description":"","potentialAction":[{"@type":"SearchAction","target":{"@type":"EntryPoint","urlTemplate":"https:\/\/bolland-marotz.de\/?s={search_term_string}"},"query-input":{"@type":"PropertyValueSpecification","valueRequired":true,"valueName":"search_term_string"}}],"inLanguage":"en-US"}]}},"_links":{"self":[{"href":"https:\/\/bolland-marotz.de\/en\/wp-json\/wp\/v2\/pages\/50370","targetHints":{"allow":["GET"]}}],"collection":[{"href":"https:\/\/bolland-marotz.de\/en\/wp-json\/wp\/v2\/pages"}],"about":[{"href":"https:\/\/bolland-marotz.de\/en\/wp-json\/wp\/v2\/types\/page"}],"author":[{"embeddable":true,"href":"https:\/\/bolland-marotz.de\/en\/wp-json\/wp\/v2\/users\/4"}],"replies":[{"embeddable":true,"href":"https:\/\/bolland-marotz.de\/en\/wp-json\/wp\/v2\/comments?post=50370"}],"version-history":[{"count":9,"href":"https:\/\/bolland-marotz.de\/en\/wp-json\/wp\/v2\/pages\/50370\/revisions"}],"predecessor-version":[{"id":56043,"href":"https:\/\/bolland-marotz.de\/en\/wp-json\/wp\/v2\/pages\/50370\/revisions\/56043"}],"wp:featuredmedia":[{"embeddable":true,"href":"https:\/\/bolland-marotz.de\/en\/wp-json\/wp\/v2\/media\/51336"}],"wp:attachment":[{"href":"https:\/\/bolland-marotz.de\/en\/wp-json\/wp\/v2\/media?parent=50370"}],"curies":[{"name":"wp","href":"https:\/\/api.w.org\/{rel}","templated":true}]}}