{"id":50368,"date":"2024-03-08T13:25:14","date_gmt":"2024-03-08T12:25:14","guid":{"rendered":"https:\/\/bolland-marotz.de\/?page_id=50368"},"modified":"2024-05-07T10:16:42","modified_gmt":"2024-05-07T08:16:42","slug":"schmuck","status":"publish","type":"page","link":"https:\/\/bolland-marotz.de\/en\/schmuck\/","title":{"rendered":"Kategorie Schmuck"},"content":{"rendered":"\n<figure class=\"wp-block-image size-large\"><img loading=\"lazy\" decoding=\"async\" width=\"1024\" height=\"1019\" src=\"https:\/\/bolland-marotz.de\/wp-content\/uploads\/2024\/03\/Historia_schmuck-scaled-e1704825751950-1024x1019.webp\" alt=\"\" class=\"wp-image-50402\" srcset=\"https:\/\/bolland-marotz.de\/wp-content\/uploads\/2024\/03\/Historia_schmuck-scaled-e1704825751950-1024x1019.webp 1024w, https:\/\/bolland-marotz.de\/wp-content\/uploads\/2024\/03\/Historia_schmuck-scaled-e1704825751950-300x300.webp 300w, https:\/\/bolland-marotz.de\/wp-content\/uploads\/2024\/03\/Historia_schmuck-scaled-e1704825751950-150x150.webp 150w, https:\/\/bolland-marotz.de\/wp-content\/uploads\/2024\/03\/Historia_schmuck-scaled-e1704825751950-1536x1529.webp 1536w, https:\/\/bolland-marotz.de\/wp-content\/uploads\/2024\/03\/Historia_schmuck-scaled-e1704825751950-768x764.webp 768w, https:\/\/bolland-marotz.de\/wp-content\/uploads\/2024\/03\/Historia_schmuck-scaled-e1704825751950-1500x1493.webp 1500w, https:\/\/bolland-marotz.de\/wp-content\/uploads\/2024\/03\/Historia_schmuck-scaled-e1704825751950-10x10.webp 10w, https:\/\/bolland-marotz.de\/wp-content\/uploads\/2024\/03\/Historia_schmuck-scaled-e1704825751950.webp 1706w\" sizes=\"auto, (max-width: 1024px) 100vw, 1024px\" \/><\/figure>\n\n\n\n<p>In der Auktionskategorie \u201eSchmuck\u201c bei Bolland &#038; Marotz pr\u00e4sentieren wir eine glanzvolle Auswahl an edlen Schmuckst\u00fccken f\u00fcr Sammler und Liebhaber. Unser Angebot umfasst alles von zeitlosen Klassikern bis zu modernen Designst\u00fccken, darunter funkelnde Diamanten, leuchtende Edelsteine, feinstes Gold und elegantes <strong><em><a href=\"https:\/\/bolland-marotz.de\/antike-silber\/\">Silber<\/a><\/em><\/strong>.<\/p>\n\n\n\n<p>Wir bieten eine Vielfalt an Ringen, Halsketten, Armb\u00e4ndern und Ohrringen, die jede Sammlung bereichern und jedem Anlass Glanz verleihen.<\/p>\n\n\n\n<p>Ob Sie auf der Suche nach einem au\u00dfergew\u00f6hnlichen Geschenk sind, Ihre eigene Schmucksammlung erweitern m\u00f6chten oder einzigartige St\u00fccke einliefern und versteigern lassen wollen, Bolland &#038; Marotz ist Ihre Adresse f\u00fcr exquisite Schmuckst\u00fccke. Unsere Auktionen bieten eine faszinierende Plattform, um Schmuck zu entdecken, der durch Handwerkskunst, Design und Wert besticht.<\/p>\n\n\n\n<p>Gerne k\u00f6nnen Sie pers\u00f6nlich in einem unserer H\u00e4user vorbeikommen oder Kontakt via E-Mail oder Telefon aufnehmen. Bei gr\u00f6\u00dferen Sammlungen besuchen wir Sie auf Wunsch auch gerne zu Hause.<\/p>\n\n\n\n<p>E-Mail: info@bolland-marotz.de<\/p>\n\n\n\n<div class=\"wp-block-query is-layout-flow wp-block-query-is-layout-flow\"><ul class=\"wp-block-post-template is-layout-flow wp-block-post-template-is-layout-flow\"><li class=\"wp-block-post post-58059 post type-post status-publish format-standard has-post-thumbnail hentry category-schmuck\">\n<h2 class=\"wp-block-post-title\"><a href=\"https:\/\/bolland-marotz.de\/en\/warum-versteigerter-schmuck-in-deutschland-boomt\/\" target=\"_self\" >Warum versteigerter Schmuck in Deutschland boomt: Eine Trendanalyse<\/a><\/h2>\n\n<figure class=\"alignwide wp-block-post-featured-image\"><a href=\"https:\/\/bolland-marotz.de\/en\/warum-versteigerter-schmuck-in-deutschland-boomt\/\" target=\"_self\"  ><img loading=\"lazy\" decoding=\"async\" width=\"1200\" height=\"600\" src=\"https:\/\/bolland-marotz.de\/wp-content\/uploads\/2024\/07\/schmuck.jpg\" class=\"attachment-post-thumbnail size-post-thumbnail wp-post-image\" alt=\"Warum versteigerter Schmuck in Deutschland boomt: Eine Trendanalyse\" style=\"object-fit:cover;\" srcset=\"https:\/\/bolland-marotz.de\/wp-content\/uploads\/2024\/07\/schmuck.jpg 1200w, https:\/\/bolland-marotz.de\/wp-content\/uploads\/2024\/07\/schmuck-300x150.jpg 300w, https:\/\/bolland-marotz.de\/wp-content\/uploads\/2024\/07\/schmuck-1024x512.jpg 1024w, https:\/\/bolland-marotz.de\/wp-content\/uploads\/2024\/07\/schmuck-768x384.jpg 768w, https:\/\/bolland-marotz.de\/wp-content\/uploads\/2024\/07\/schmuck-10x5.jpg 10w\" sizes=\"auto, (max-width: 1200px) 100vw, 1200px\" \/><\/a><\/figure>\n\n<div class=\"wp-block-post-excerpt\"><p class=\"wp-block-post-excerpt__excerpt\">Deutschlands Liebe zu exquisitem Schmuck nimmt eine neue Wendung. W\u00e4hrend die Einzelhandelsums\u00e4tze weiterhin stark sind, steigt die Beliebtheit von versteigertem Schmuck stark an. Der Schmuckauktionsmarkt in Bremen, Deutschland, erlebt einen erheblichen Boom, der durch kulturelle Ver\u00e4nderungen, wirtschaftliche Faktoren und technologische Fortschritte angetrieben wird. Dieser Trend ver\u00e4ndert die Art und Weise, wie die Deutschen Luxusg\u00fcter wahrnehmen<\/p><p class=\"wp-block-post-excerpt__more-text\"><a class=\"wp-block-post-excerpt__more-link\" href=\"https:\/\/bolland-marotz.de\/en\/warum-versteigerter-schmuck-in-deutschland-boomt\/\">Mehr lesen<\/a><\/p><\/div>\n\n\n<hr class=\"wp-block-separator has-css-opacity\"\/>\n\n\n<div class=\"wp-block-post-date\"><time datetime=\"2024-07-20T08:40:52+02:00\">20. July 2024<\/time><\/div>\n<\/li><li class=\"wp-block-post post-56751 post type-post status-publish format-standard hentry category-produktkategorien category-schmuck\">\n<h2 class=\"wp-block-post-title\"><a href=\"https:\/\/bolland-marotz.de\/en\/cartier-bei-bolland-marotz-symbole-des-luxus-und-der-eleganz\/\" target=\"_self\" >Cartier bei Bolland &#038; Marotz: Symbole des Luxus und der Eleganz<\/a><\/h2>\n\n\n\n<div class=\"wp-block-post-excerpt\"><p class=\"wp-block-post-excerpt__excerpt\">Cartier, eine Marke, die seit ihrer Gr\u00fcndung im Jahr 1847 mit h\u00f6chster Handwerkskunst und unvergleichlicher Eleganz synonym ist, hat sich weltweit als Inbegriff des Luxus etabliert. Von atemberaubenden Ringen \u00fcber exquisite Ketten bis hin zu strahlenden Brillanten \u2013 jedes Schmuckst\u00fcck von Cartier erz\u00e4hlt eine Geschichte von Raffinesse und Prestige. Bolland &#038; Marotz bietet Liebhabern feinster<\/p><p class=\"wp-block-post-excerpt__more-text\"><a class=\"wp-block-post-excerpt__more-link\" href=\"https:\/\/bolland-marotz.de\/en\/cartier-bei-bolland-marotz-symbole-des-luxus-und-der-eleganz\/\">Mehr lesen<\/a><\/p><\/div>\n\n\n<hr class=\"wp-block-separator has-css-opacity\"\/>\n\n\n<div class=\"wp-block-post-date\"><time datetime=\"2024-05-30T12:21:20+02:00\">30. May 2024<\/time><\/div>\n<\/li><li class=\"wp-block-post post-56748 post type-post status-publish format-standard hentry category-produktkategorien category-schmuck\">\n<h2 class=\"wp-block-post-title\"><a href=\"https:\/\/bolland-marotz.de\/en\/belle-epoque-schmuck-bei-bolland-marotz\/\" target=\"_self\" >Belle-\u00c9poque-Schmuck bei Bolland &#038; Marotz<\/a><\/h2>\n\n\n\n<div class=\"wp-block-post-excerpt\"><p class=\"wp-block-post-excerpt__excerpt\">In der Belle Epoque, der Bl\u00fctezeit vor dem Ersten Weltkrieg, entstanden Schmuckst\u00fccke von unvergleichlicher Sch\u00f6nheit und Eleganz. Bolland &#038; Marotz pr\u00e4sentiert Sammlern diese historischen Kunstwerke, die mit ihrer Finesse und ihrem Glanz die Herzen von Schmuckliebhabern h\u00f6her schlagen lassen. Von Colliers bis Ringen: Ein Portfolio der Extraklasse Unsere Auktionen bieten Ihnen die M\u00f6glichkeit, in die<\/p><p class=\"wp-block-post-excerpt__more-text\"><a class=\"wp-block-post-excerpt__more-link\" href=\"https:\/\/bolland-marotz.de\/en\/belle-epoque-schmuck-bei-bolland-marotz\/\">Mehr lesen<\/a><\/p><\/div>\n\n\n<hr class=\"wp-block-separator has-css-opacity\"\/>\n\n\n<div class=\"wp-block-post-date\"><time datetime=\"2024-05-30T12:19:09+02:00\">30. May 2024<\/time><\/div>\n<\/li><li class=\"wp-block-post post-56745 post type-post status-publish format-standard hentry category-produktkategorien category-schmuck\">\n<h2 class=\"wp-block-post-title\"><a href=\"https:\/\/bolland-marotz.de\/en\/ringe-bei-bolland-marotz-vielfalt-die-fasziniert\/\" target=\"_self\" >Ringe bei Bolland &#038; Marotz: Vielfalt, die fasziniert<\/a><\/h2>\n\n\n\n<div class=\"wp-block-post-excerpt\"><p class=\"wp-block-post-excerpt__excerpt\">Ringe, seit Jahrhunderten Ausdruck von Stil, Zugeh\u00f6rigkeit und Liebe, sind so vielf\u00e4ltig wie die Geschichten, die sie erz\u00e4hlen. Bolland &#038; Marotz pr\u00e4sentiert eine Auswahl, die von antiken Funden bis zu modernen Meisterwerken reicht, und l\u00e4dt Sammler sowie Schmuckliebhaber ein, diese Welt der Sch\u00f6nheit und des Handwerks zu entdecken. Von Antik bis Modern Ob antike Ringe,<\/p><p class=\"wp-block-post-excerpt__more-text\"><a class=\"wp-block-post-excerpt__more-link\" href=\"https:\/\/bolland-marotz.de\/en\/ringe-bei-bolland-marotz-vielfalt-die-fasziniert\/\">Mehr lesen<\/a><\/p><\/div>\n\n\n<hr class=\"wp-block-separator has-css-opacity\"\/>\n\n\n<div class=\"wp-block-post-date\"><time datetime=\"2024-05-30T12:17:44+02:00\">30. May 2024<\/time><\/div>\n<\/li><li class=\"wp-block-post post-56742 post type-post status-publish format-standard hentry category-produktkategorien category-schmuck\">\n<h2 class=\"wp-block-post-title\"><a href=\"https:\/\/bolland-marotz.de\/en\/entdecken-sie-die-vielfalt-an-ketten-bei-bolland-marotz\/\" target=\"_self\" >Entdecken Sie die Vielfalt an Ketten bei Bolland &#038; Marotz<\/a><\/h2>\n\n\n\n<div class=\"wp-block-post-excerpt\"><p class=\"wp-block-post-excerpt__excerpt\">Ketten sind seit jeher ein zentrales Element in der Welt des Schmucks, das Eleganz, Status und pers\u00f6nlichen Stil zum Ausdruck bringt. Unsere Auktionen bieten eine breite Palette von Ketten, von filigranen Antiquit\u00e4ten bis hin zu k\u00fchnen modernen Designs. Jedes St\u00fcck wird sorgf\u00e4ltig ausgew\u00e4hlt und einer genauen Bewertung und Wertermittlung unterzogen, um seine Authentizit\u00e4t, seinen Zustand<\/p><p class=\"wp-block-post-excerpt__more-text\"><a class=\"wp-block-post-excerpt__more-link\" href=\"https:\/\/bolland-marotz.de\/en\/entdecken-sie-die-vielfalt-an-ketten-bei-bolland-marotz\/\">Mehr lesen<\/a><\/p><\/div>\n\n\n<hr class=\"wp-block-separator has-css-opacity\"\/>\n\n\n<div class=\"wp-block-post-date\"><time datetime=\"2024-05-30T12:11:30+02:00\">30. May 2024<\/time><\/div>\n<\/li><li class=\"wp-block-post post-56740 post type-post status-publish format-standard hentry category-produktkategorien category-schmuck\">\n<h2 class=\"wp-block-post-title\"><a href=\"https:\/\/bolland-marotz.de\/en\/entdecken-sie-die-welt-der-broschen-bei-bolland-marotz\/\" target=\"_self\" >Entdecken Sie die Welt der Broschen bei Bolland &#038; Marotz<\/a><\/h2>\n\n\n\n<div class=\"wp-block-post-excerpt\"><p class=\"wp-block-post-excerpt__excerpt\">Broschen, die kleinen Kunstwerke, die sowohl als Schmuckst\u00fcck als auch als Ausdruck pers\u00f6nlicher Geschichten dienen, stehen im Mittelpunkt unserer sorgf\u00e4ltig kuratierten Auktionen. Diese vielseitigen Accessoires, die von antiken St\u00fccken bis hin zu modernen Designs reichen, spiegeln die Vielfalt und die k\u00fcnstlerische Innovation der Schmuckherstellung wider. Bei Bolland &#038; Marotz finden Sammler und Liebhaber einzigartiger Broschen<\/p><p class=\"wp-block-post-excerpt__more-text\"><a class=\"wp-block-post-excerpt__more-link\" href=\"https:\/\/bolland-marotz.de\/en\/entdecken-sie-die-welt-der-broschen-bei-bolland-marotz\/\">Mehr lesen<\/a><\/p><\/div>\n\n\n<hr class=\"wp-block-separator has-css-opacity\"\/>\n\n\n<div class=\"wp-block-post-date\"><time datetime=\"2024-05-30T12:09:07+02:00\">30. May 2024<\/time><\/div>\n<\/li><li class=\"wp-block-post post-56737 post type-post status-publish format-standard hentry category-produktkategorien category-schmuck\">\n<h2 class=\"wp-block-post-title\"><a href=\"https:\/\/bolland-marotz.de\/en\/tennisarmbaender-ein-funkelndes-highlight-bei-bolland-marotz\/\" target=\"_self\" >Tennisarmb\u00e4nder: Ein funkelndes Highlight bei Bolland &#038; Marotz<\/a><\/h2>\n\n\n\n<div class=\"wp-block-post-excerpt\"><p class=\"wp-block-post-excerpt__excerpt\">Tennisarmb\u00e4nder, die durch ihre schlanke Eleganz und den Reihen funkelnder Edelsteine bestechen, sind ein zeitloser Klassiker unter den Schmuckst\u00fccken. Urspr\u00fcnglich durch einen Vorfall mit der Tennisspielerin Chris Evert, deren Diamantarmband w\u00e4hrend eines Matches riss, in den Mittelpunkt ger\u00fcckt, symbolisieren sie heute Luxus und feine Eleganz. Bolland &#038; Marotz \u00f6ffnet Liebhabern und Sammlern die T\u00fcren zu<\/p><p class=\"wp-block-post-excerpt__more-text\"><a class=\"wp-block-post-excerpt__more-link\" href=\"https:\/\/bolland-marotz.de\/en\/tennisarmbaender-ein-funkelndes-highlight-bei-bolland-marotz\/\">Mehr lesen<\/a><\/p><\/div>\n\n\n<hr class=\"wp-block-separator has-css-opacity\"\/>\n\n\n<div class=\"wp-block-post-date\"><time datetime=\"2024-05-30T12:07:29+02:00\">30. May 2024<\/time><\/div>\n<\/li><li class=\"wp-block-post post-56734 post type-post status-publish format-standard hentry category-produktkategorien category-schmuck\">\n<h2 class=\"wp-block-post-title\"><a href=\"https:\/\/bolland-marotz.de\/en\/smaragde-juwelen-der-natur-bei-bolland-marotz\/\" target=\"_self\" >Smaragde: Juwelen der Natur bei Bolland &#038; Marotz<\/a><\/h2>\n\n\n\n<div class=\"wp-block-post-excerpt\"><p class=\"wp-block-post-excerpt__excerpt\">Smaragde, gesch\u00e4tzt f\u00fcr ihre leuchtend gr\u00fcne Farbe und seltene Sch\u00f6nheit, sind seit Jahrhunderten ein Symbol f\u00fcr Reichtum, Macht und Eleganz. Diese kostbaren Edelsteine faszinieren durch ihre lebendige Farbe und ihre fesselnde Geschichte. Bolland &#038; Marotz pr\u00e4sentiert eine Auswahl exquisiter Smaragde in unseren Auktionen, die sowohl Sammler als auch Liebhaber feiner Juwelen ansprechen. Eine Welt voller<\/p><p class=\"wp-block-post-excerpt__more-text\"><a class=\"wp-block-post-excerpt__more-link\" href=\"https:\/\/bolland-marotz.de\/en\/smaragde-juwelen-der-natur-bei-bolland-marotz\/\">Mehr lesen<\/a><\/p><\/div>\n\n\n<hr class=\"wp-block-separator has-css-opacity\"\/>\n\n\n<div class=\"wp-block-post-date\"><time datetime=\"2024-05-30T12:04:42+02:00\">30. May 2024<\/time><\/div>\n<\/li><li class=\"wp-block-post post-56731 post type-post status-publish format-standard hentry category-produktkategorien category-schmuck\">\n<h2 class=\"wp-block-post-title\"><a href=\"https:\/\/bolland-marotz.de\/en\/saphire-ein-ozean-aus-farben-bei-bolland-marotz\/\" target=\"_self\" >Saphire: Ein Ozean aus Farben bei Bolland &#038; Marotz<\/a><\/h2>\n\n\n\n<div class=\"wp-block-post-excerpt\"><p class=\"wp-block-post-excerpt__excerpt\">Saphire, Edelsteine von unvergleichlicher Sch\u00f6nheit und Vielfalt, sind seit Jahrtausenden begehrt f\u00fcr ihre tiefblauen T\u00f6ne, die an einen endlosen Ozean erinnern. Doch Saphire bezaubern nicht nur in Blau; sie existieren in einem Regenbogen von Farben, von Pink bis Gelb. Bolland &#038; Marotz er\u00f6ffnet Sammlern und Liebhabern die M\u00f6glichkeit, in die faszinierende Welt der Saphire einzutauchen,<\/p><p class=\"wp-block-post-excerpt__more-text\"><a class=\"wp-block-post-excerpt__more-link\" href=\"https:\/\/bolland-marotz.de\/en\/saphire-ein-ozean-aus-farben-bei-bolland-marotz\/\">Mehr lesen<\/a><\/p><\/div>\n\n\n<hr class=\"wp-block-separator has-css-opacity\"\/>\n\n\n<div class=\"wp-block-post-date\"><time datetime=\"2024-05-30T12:00:55+02:00\">30. May 2024<\/time><\/div>\n<\/li><li class=\"wp-block-post post-56728 post type-post status-publish format-standard hentry category-produktkategorien category-schmuck\">\n<h2 class=\"wp-block-post-title\"><a href=\"https:\/\/bolland-marotz.de\/en\/rubine-gluehende-schaetze-bei-bolland-marotz\/\" target=\"_self\" >Rubine: Gl\u00fchende Sch\u00e4tze bei Bolland &#038; Marotz<\/a><\/h2>\n\n\n\n<div class=\"wp-block-post-excerpt\"><p class=\"wp-block-post-excerpt__excerpt\">Rubine, bekannt f\u00fcr ihre intensive rote Farbe, die Leidenschaft und Liebe symbolisiert, stehen im Mittelpunkt vieler bedeutender Schmuckkollektionen. Bolland &#038; Marotz pr\u00e4sentiert eine exklusive Auswahl an Rubinen, von Einzelsteinen bis hin zu in atemberaubenden Schmuckst\u00fccken verarbeiteten Edelsteinen. Unsere Auktionen bieten Sammlern und Enthusiasten die Gelegenheit, diese kostbaren Steine zu ersteigern, die durch ihre Sch\u00f6nheit und<\/p><p class=\"wp-block-post-excerpt__more-text\"><a class=\"wp-block-post-excerpt__more-link\" href=\"https:\/\/bolland-marotz.de\/en\/rubine-gluehende-schaetze-bei-bolland-marotz\/\">Mehr lesen<\/a><\/p><\/div>\n\n\n<hr class=\"wp-block-separator has-css-opacity\"\/>\n\n\n<div class=\"wp-block-post-date\"><time datetime=\"2024-05-30T11:50:16+02:00\">30. May 2024<\/time><\/div>\n<\/li><\/ul><\/div>\n","protected":false},"excerpt":{"rendered":"<p>In der Auktionskategorie \u201eSchmuck\u201c bei Bolland &#038; Marotz pr\u00e4sentieren wir eine glanzvolle Auswahl an edlen Schmuckst\u00fccken f\u00fcr Sammler und Liebhaber. Unser Angebot umfasst alles von zeitlosen Klassikern bis zu modernen Designst\u00fccken, darunter funkelnde Diamanten, leuchtende Edelsteine, feinstes Gold und elegantes Silber. Wir bieten eine Vielfalt an Ringen, Halsketten, Armb\u00e4ndern und Ohrringen, die jede Sammlung bereichern [&hellip;]<\/p>\n","protected":false},"author":4,"featured_media":51337,"parent":0,"menu_order":0,"comment_status":"closed","ping_status":"closed","template":"","meta":{"_acf_changed":false,"footnotes":""},"class_list":["post-50368","page","type-page","status-publish","has-post-thumbnail","hentry"],"acf":{"page_header_title":"","page_header_content":"","page_header_footer":""},"yoast_head":"<!-- This site is optimized with the Yoast SEO plugin v27.2 - https:\/\/yoast.com\/product\/yoast-seo-wordpress\/ -->\n<title>Schmuck Auktionen Online in Bremen - Bolland &amp; Marotz<\/title>\n<meta name=\"description\" content=\"Suchen Sie Schmuckauktionen online in Bremen. Bolland &amp; Marotz bietet exquisiten Schmuck von antiken bis zu modernen Ringen, Halsketten, Armb\u00e4ndern und Ohrringen aus Diamanten, Edelsteinen und Gold.\" \/>\n<meta name=\"robots\" content=\"index, follow, max-snippet:-1, max-image-preview:large, max-video-preview:-1\" \/>\n<link rel=\"canonical\" href=\"https:\/\/bolland-marotz.de\/en\/schmuck\/\" \/>\n<meta property=\"og:locale\" content=\"en_US\" \/>\n<meta property=\"og:locale:alternate\" content=\"de_DE\" \/>\n<meta property=\"og:type\" content=\"article\" \/>\n<meta property=\"og:title\" content=\"Schmuck Auktionen Online in Bremen - Bolland &amp; Marotz\" \/>\n<meta property=\"og:description\" content=\"Suchen Sie Schmuckauktionen online in Bremen. Bolland &amp; Marotz bietet exquisiten Schmuck von antiken bis zu modernen Ringen, Halsketten, Armb\u00e4ndern und Ohrringen aus Diamanten, Edelsteinen und Gold.\" \/>\n<meta property=\"og:url\" content=\"https:\/\/bolland-marotz.de\/en\/schmuck\/\" \/>\n<meta property=\"og:site_name\" content=\"Bolland &amp; Marotz\" \/>\n<meta property=\"article:modified_time\" content=\"2024-05-07T08:16:42+00:00\" \/>\n<meta property=\"og:image\" content=\"https:\/\/bolland-marotz.de\/wp-content\/uploads\/2024\/03\/Historia_schmuck-scaled-e1704825751950-edited-2.webp\" \/>\n\t<meta property=\"og:image:width\" content=\"1706\" \/>\n\t<meta property=\"og:image:height\" content=\"960\" \/>\n\t<meta property=\"og:image:type\" content=\"image\/webp\" \/>\n<meta name=\"twitter:card\" content=\"summary_large_image\" \/>\n<meta name=\"twitter:label1\" content=\"Est. reading time\" \/>\n\t<meta name=\"twitter:data1\" content=\"2 minutes\" \/>\n<script type=\"application\/ld+json\" class=\"yoast-schema-graph\">{\"@context\":\"https:\/\/schema.org\",\"@graph\":[{\"@type\":\"WebPage\",\"@id\":\"https:\/\/bolland-marotz.de\/schmuck\/\",\"url\":\"https:\/\/bolland-marotz.de\/schmuck\/\",\"name\":\"Schmuck Auktionen Online in Bremen - Bolland & Marotz\",\"isPartOf\":{\"@id\":\"https:\/\/bolland-marotz.de\/#website\"},\"primaryImageOfPage\":{\"@id\":\"https:\/\/bolland-marotz.de\/schmuck\/#primaryimage\"},\"image\":{\"@id\":\"https:\/\/bolland-marotz.de\/schmuck\/#primaryimage\"},\"thumbnailUrl\":\"https:\/\/bolland-marotz.de\/wp-content\/uploads\/2024\/03\/Historia_schmuck-scaled-e1704825751950-edited-2.webp\",\"datePublished\":\"2024-03-08T12:25:14+00:00\",\"dateModified\":\"2024-05-07T08:16:42+00:00\",\"description\":\"Suchen Sie Schmuckauktionen online in Bremen. Bolland & Marotz bietet exquisiten Schmuck von antiken bis zu modernen Ringen, Halsketten, Armb\u00e4ndern und Ohrringen aus Diamanten, Edelsteinen und Gold.\",\"breadcrumb\":{\"@id\":\"https:\/\/bolland-marotz.de\/schmuck\/#breadcrumb\"},\"inLanguage\":\"en-US\",\"potentialAction\":[{\"@type\":\"ReadAction\",\"target\":[\"https:\/\/bolland-marotz.de\/schmuck\/\"]}]},{\"@type\":\"ImageObject\",\"inLanguage\":\"en-US\",\"@id\":\"https:\/\/bolland-marotz.de\/schmuck\/#primaryimage\",\"url\":\"https:\/\/bolland-marotz.de\/wp-content\/uploads\/2024\/03\/Historia_schmuck-scaled-e1704825751950-edited-2.webp\",\"contentUrl\":\"https:\/\/bolland-marotz.de\/wp-content\/uploads\/2024\/03\/Historia_schmuck-scaled-e1704825751950-edited-2.webp\",\"width\":1706,\"height\":960,\"caption\":\"Schmuck Auktionen Online in Bremen\"},{\"@type\":\"BreadcrumbList\",\"@id\":\"https:\/\/bolland-marotz.de\/schmuck\/#breadcrumb\",\"itemListElement\":[{\"@type\":\"ListItem\",\"position\":1,\"name\":\"Startseite\",\"item\":\"https:\/\/bolland-marotz.de\/\"},{\"@type\":\"ListItem\",\"position\":2,\"name\":\"Kategorie Schmuck\"}]},{\"@type\":\"WebSite\",\"@id\":\"https:\/\/bolland-marotz.de\/#website\",\"url\":\"https:\/\/bolland-marotz.de\/\",\"name\":\"Bolland & Marotz\",\"description\":\"\",\"potentialAction\":[{\"@type\":\"SearchAction\",\"target\":{\"@type\":\"EntryPoint\",\"urlTemplate\":\"https:\/\/bolland-marotz.de\/?s={search_term_string}\"},\"query-input\":{\"@type\":\"PropertyValueSpecification\",\"valueRequired\":true,\"valueName\":\"search_term_string\"}}],\"inLanguage\":\"en-US\"}]}<\/script>\n<!-- \/ Yoast SEO plugin. -->","yoast_head_json":{"title":"Schmuck Auktionen Online in Bremen - Bolland & Marotz","description":"Suchen Sie Schmuckauktionen online in Bremen. Bolland & Marotz bietet exquisiten Schmuck von antiken bis zu modernen Ringen, Halsketten, Armb\u00e4ndern und Ohrringen aus Diamanten, Edelsteinen und Gold.","robots":{"index":"index","follow":"follow","max-snippet":"max-snippet:-1","max-image-preview":"max-image-preview:large","max-video-preview":"max-video-preview:-1"},"canonical":"https:\/\/bolland-marotz.de\/en\/schmuck\/","og_locale":"en_US","og_type":"article","og_title":"Schmuck Auktionen Online in Bremen - Bolland & Marotz","og_description":"Suchen Sie Schmuckauktionen online in Bremen. Bolland & Marotz bietet exquisiten Schmuck von antiken bis zu modernen Ringen, Halsketten, Armb\u00e4ndern und Ohrringen aus Diamanten, Edelsteinen und Gold.","og_url":"https:\/\/bolland-marotz.de\/en\/schmuck\/","og_site_name":"Bolland & Marotz","article_modified_time":"2024-05-07T08:16:42+00:00","og_image":[{"width":1706,"height":960,"url":"https:\/\/bolland-marotz.de\/wp-content\/uploads\/2024\/03\/Historia_schmuck-scaled-e1704825751950-edited-2.webp","type":"image\/webp"}],"twitter_card":"summary_large_image","twitter_misc":{"Est. reading time":"2 minutes"},"schema":{"@context":"https:\/\/schema.org","@graph":[{"@type":"WebPage","@id":"https:\/\/bolland-marotz.de\/schmuck\/","url":"https:\/\/bolland-marotz.de\/schmuck\/","name":"Schmuck Auktionen Online in Bremen - Bolland & Marotz","isPartOf":{"@id":"https:\/\/bolland-marotz.de\/#website"},"primaryImageOfPage":{"@id":"https:\/\/bolland-marotz.de\/schmuck\/#primaryimage"},"image":{"@id":"https:\/\/bolland-marotz.de\/schmuck\/#primaryimage"},"thumbnailUrl":"https:\/\/bolland-marotz.de\/wp-content\/uploads\/2024\/03\/Historia_schmuck-scaled-e1704825751950-edited-2.webp","datePublished":"2024-03-08T12:25:14+00:00","dateModified":"2024-05-07T08:16:42+00:00","description":"Suchen Sie Schmuckauktionen online in Bremen. Bolland & Marotz bietet exquisiten Schmuck von antiken bis zu modernen Ringen, Halsketten, Armb\u00e4ndern und Ohrringen aus Diamanten, Edelsteinen und Gold.","breadcrumb":{"@id":"https:\/\/bolland-marotz.de\/schmuck\/#breadcrumb"},"inLanguage":"en-US","potentialAction":[{"@type":"ReadAction","target":["https:\/\/bolland-marotz.de\/schmuck\/"]}]},{"@type":"ImageObject","inLanguage":"en-US","@id":"https:\/\/bolland-marotz.de\/schmuck\/#primaryimage","url":"https:\/\/bolland-marotz.de\/wp-content\/uploads\/2024\/03\/Historia_schmuck-scaled-e1704825751950-edited-2.webp","contentUrl":"https:\/\/bolland-marotz.de\/wp-content\/uploads\/2024\/03\/Historia_schmuck-scaled-e1704825751950-edited-2.webp","width":1706,"height":960,"caption":"Schmuck Auktionen Online in Bremen"},{"@type":"BreadcrumbList","@id":"https:\/\/bolland-marotz.de\/schmuck\/#breadcrumb","itemListElement":[{"@type":"ListItem","position":1,"name":"Startseite","item":"https:\/\/bolland-marotz.de\/"},{"@type":"ListItem","position":2,"name":"Kategorie Schmuck"}]},{"@type":"WebSite","@id":"https:\/\/bolland-marotz.de\/#website","url":"https:\/\/bolland-marotz.de\/","name":"Bolland & Marotz","description":"","potentialAction":[{"@type":"SearchAction","target":{"@type":"EntryPoint","urlTemplate":"https:\/\/bolland-marotz.de\/?s={search_term_string}"},"query-input":{"@type":"PropertyValueSpecification","valueRequired":true,"valueName":"search_term_string"}}],"inLanguage":"en-US"}]}},"_links":{"self":[{"href":"https:\/\/bolland-marotz.de\/en\/wp-json\/wp\/v2\/pages\/50368","targetHints":{"allow":["GET"]}}],"collection":[{"href":"https:\/\/bolland-marotz.de\/en\/wp-json\/wp\/v2\/pages"}],"about":[{"href":"https:\/\/bolland-marotz.de\/en\/wp-json\/wp\/v2\/types\/page"}],"author":[{"embeddable":true,"href":"https:\/\/bolland-marotz.de\/en\/wp-json\/wp\/v2\/users\/4"}],"replies":[{"embeddable":true,"href":"https:\/\/bolland-marotz.de\/en\/wp-json\/wp\/v2\/comments?post=50368"}],"version-history":[{"count":7,"href":"https:\/\/bolland-marotz.de\/en\/wp-json\/wp\/v2\/pages\/50368\/revisions"}],"predecessor-version":[{"id":56042,"href":"https:\/\/bolland-marotz.de\/en\/wp-json\/wp\/v2\/pages\/50368\/revisions\/56042"}],"wp:featuredmedia":[{"embeddable":true,"href":"https:\/\/bolland-marotz.de\/en\/wp-json\/wp\/v2\/media\/51337"}],"wp:attachment":[{"href":"https:\/\/bolland-marotz.de\/en\/wp-json\/wp\/v2\/media?parent=50368"}],"curies":[{"name":"wp","href":"https:\/\/api.w.org\/{rel}","templated":true}]}}