{"id":50353,"date":"2024-03-08T13:11:21","date_gmt":"2024-03-08T12:11:21","guid":{"rendered":"https:\/\/bolland-marotz.de\/?page_id=50353"},"modified":"2024-05-17T11:42:34","modified_gmt":"2024-05-17T09:42:34","slug":"kategorie-kunst-gemalde-grafik","status":"publish","type":"page","link":"https:\/\/bolland-marotz.de\/en\/kategorie-kunst-gemalde-grafik\/","title":{"rendered":"Kategorie Kunst, Gem\u00e4lde &#038; Grafik"},"content":{"rendered":"\n<figure class=\"wp-block-image size-large\"><img loading=\"lazy\" decoding=\"async\" width=\"1024\" height=\"576\" src=\"https:\/\/bolland-marotz.de\/wp-content\/uploads\/2024\/03\/Painting-Historia-Auktionshaus-1024x576.jpg\" alt=\"\" class=\"wp-image-50394\" srcset=\"https:\/\/bolland-marotz.de\/wp-content\/uploads\/2024\/03\/Painting-Historia-Auktionshaus-1024x576.jpg 1024w, https:\/\/bolland-marotz.de\/wp-content\/uploads\/2024\/03\/Painting-Historia-Auktionshaus-300x169.jpg 300w, https:\/\/bolland-marotz.de\/wp-content\/uploads\/2024\/03\/Painting-Historia-Auktionshaus-1536x864.jpg 1536w, https:\/\/bolland-marotz.de\/wp-content\/uploads\/2024\/03\/Painting-Historia-Auktionshaus-768x432.jpg 768w, https:\/\/bolland-marotz.de\/wp-content\/uploads\/2024\/03\/Painting-Historia-Auktionshaus-1500x844.jpg 1500w, https:\/\/bolland-marotz.de\/wp-content\/uploads\/2024\/03\/Painting-Historia-Auktionshaus-10x6.jpg 10w, https:\/\/bolland-marotz.de\/wp-content\/uploads\/2024\/03\/Painting-Historia-Auktionshaus.jpg 1920w\" sizes=\"auto, (max-width: 1024px) 100vw, 1024px\" \/><\/figure>\n\n\n\n<p>In der Auktionskategorie Kunst, Gem\u00e4lde &#038; Grafik bei Bolland &#038; Marotz pr\u00e4sentieren wir eine breit gef\u00e4cherte Auswahl an Werken, die von der klassischen Malerei \u00fcber moderne Gem\u00e4lde bis hin zu zeitgen\u00f6ssischen Grafiken reicht. Diese Kategorie zieht Sammler und Kunstbegeisterte an, die auf der Suche nach bedeutenden und ausdrucksstarken Werken sind, die sowohl \u00e4sthetischen Genuss als auch kulturellen Wert bieten.<\/p>\n\n\n\n<p>Unser sorgf\u00e4ltig kuratiertes Angebot umfasst St\u00fccke von etablierten Meistern sowie aufstrebenden K\u00fcnstlern und deckt ein weites Spektrum an Stilen, Epochen und Techniken ab. Von \u00d6lgem\u00e4lden, die historische Szenen und Landschaften einfangen, bis zu innovativen Grafiken, die die Grenzen des visuellen Ausdrucks erweitern, bietet jede Auktion eine einzigartige Gelegenheit, die Vielfalt der bildenden Kunst zu erkunden.<\/p>\n\n\n\n<p>Die Werke in unserer &#8220;Kunst, Gem\u00e4lde &#038; Grafik&#8221;-Kategorie werden sorgf\u00e4ltig berwertet. Egal, ob Sie Ihre Sammlung erweitern, ein besonderes Geschenk finden oder Ihre eigenen Kunstwerke einem breiten und gesch\u00e4tzten Publikum pr\u00e4sentieren m\u00f6chten, Bolland &#038; Marotz ist Ihr kompetenter Partner. Wir verstehen die Leidenschaft f\u00fcr <a href=\"https:\/\/bolland-marotz.de\/asiatische-kunstauktion\/\"><strong><em>Kunst<\/em><\/strong><\/a> und bieten eine Plattform, die K\u00fcnstler und Sammler auf der ganzen Welt verbindet.<\/p>\n\n\n\n<p>Gerne k\u00f6nnen Sie pers\u00f6nlich in einem unserer H\u00e4user vorbeikommen oder Kontakt via E-Mail oder Telefon aufnehmen. Bei gr\u00f6\u00dferen Sammlungen besuchen wir Sie auf Wunsch auch gerne zu Hause.<\/p>\n\n\n\n<p>E-Mail: info@bolland-marotz.de<\/p>\n\n\n\n<div class=\"wp-block-query is-layout-flow wp-block-query-is-layout-flow\"><ul class=\"wp-block-post-template is-layout-flow wp-block-post-template-is-layout-flow\"><li class=\"wp-block-post post-56870 post type-post status-publish format-standard hentry category-kunst-gemalde-grafik category-produktkategorien\">\n<h2 class=\"wp-block-post-title\"><a href=\"https:\/\/bolland-marotz.de\/en\/entdecken-und-einliefern-von-stillleben-bei-bolland-marotz\/\" target=\"_self\" >Entdecken und Einliefern von Stillleben bei Bolland &#038; Marotz<\/a><\/h2>\n\n\n\n<div class=\"wp-block-post-excerpt\"><p class=\"wp-block-post-excerpt__excerpt\">Stillleben, von der klassischen Eleganz des Barock bis zu den dynamischen Formen der Moderne, bieten einen faszinierenden Einblick in die stille Welt der Objekte. Bolland &#038; Marotz l\u00e4dt Sie ein, die Vielfalt und Tiefe dieser Kunstform durch unsere Auktionen zu entdecken. Unsere sorgf\u00e4ltige Auswahl an Stillleben, von \u00fcppigen Blumenarrangements bis hin zu kubistischen Kompositionen, spiegelt<\/p><p class=\"wp-block-post-excerpt__more-text\"><a class=\"wp-block-post-excerpt__more-link\" href=\"https:\/\/bolland-marotz.de\/en\/entdecken-und-einliefern-von-stillleben-bei-bolland-marotz\/\">Mehr lesen<\/a><\/p><\/div>\n\n\n<hr class=\"wp-block-separator has-css-opacity\"\/>\n\n\n<div class=\"wp-block-post-date\"><time datetime=\"2024-05-31T12:28:06+02:00\">31. May 2024<\/time><\/div>\n<\/li><li class=\"wp-block-post post-56867 post type-post status-publish format-standard hentry category-kunst-gemalde-grafik category-produktkategorien\">\n<h2 class=\"wp-block-post-title\"><a href=\"https:\/\/bolland-marotz.de\/en\/otto-modersohn-meister-der-landschaftsmalerei-und-herz-der-worpsweder-kuenstlerkolonie\/\" target=\"_self\" >Otto Modersohn: Meister der Landschaftsmalerei und Herz der Worpsweder K\u00fcnstlerkolonie<\/a><\/h2>\n\n\n\n<div class=\"wp-block-post-excerpt\"><p class=\"wp-block-post-excerpt__excerpt\">Otto Modersohn, ein Pionier der Landschaftsmalerei, hat mit seinem Werk einen unverkennbaren Beitrag zur deutschen Kunst geleistet. Als zentrale Figur der Worpsweder K\u00fcnstlerkolonie verband er in seiner Malerei die Liebe zur Natur mit der Freiheit des Expressionismus. Modersohns Kunst, tief verwurzelt in der Freilichtmalerei, f\u00e4ngt die einzigartige Stimmung und Sch\u00f6nheit der Moor- und Marschlandschaften um<\/p><p class=\"wp-block-post-excerpt__more-text\"><a class=\"wp-block-post-excerpt__more-link\" href=\"https:\/\/bolland-marotz.de\/en\/otto-modersohn-meister-der-landschaftsmalerei-und-herz-der-worpsweder-kuenstlerkolonie\/\">Mehr lesen<\/a><\/p><\/div>\n\n\n<hr class=\"wp-block-separator has-css-opacity\"\/>\n\n\n<div class=\"wp-block-post-date\"><time datetime=\"2024-05-31T12:26:42+02:00\">31. May 2024<\/time><\/div>\n<\/li><li class=\"wp-block-post post-56865 post type-post status-publish format-standard hentry category-kunst-gemalde-grafik category-produktkategorien\">\n<h2 class=\"wp-block-post-title\"><a href=\"https:\/\/bolland-marotz.de\/en\/paula-modersohn-becker-eine-ikone-der-moderne-bei-bolland-marotz\/\" target=\"_self\" >Paula Modersohn-Becker: Eine Ikone der Moderne bei Bolland &#038; Marotz<\/a><\/h2>\n\n\n\n<div class=\"wp-block-post-excerpt\"><p class=\"wp-block-post-excerpt__excerpt\">Paula Modersohn-Becker, eine Schl\u00fcsselfigur in der Entwicklung der modernen Kunst, hinterlie\u00df ein beeindruckendes \u0152uvre, das trotz ihrer kurzen Schaffensperiode eine tiefe Spur in der Kunstgeschichte gezogen hat. Als eine der ersten Malerinnen, die den weiblichen Akt in der modernen Kunst etablierte, brach sie mit den Konventionen ihrer Zeit und \u00f6ffnete neue Wege f\u00fcr die expressionistische<\/p><p class=\"wp-block-post-excerpt__more-text\"><a class=\"wp-block-post-excerpt__more-link\" href=\"https:\/\/bolland-marotz.de\/en\/paula-modersohn-becker-eine-ikone-der-moderne-bei-bolland-marotz\/\">Mehr lesen<\/a><\/p><\/div>\n\n\n<hr class=\"wp-block-separator has-css-opacity\"\/>\n\n\n<div class=\"wp-block-post-date\"><time datetime=\"2024-05-31T12:25:17+02:00\">31. May 2024<\/time><\/div>\n<\/li><li class=\"wp-block-post post-56861 post type-post status-publish format-standard hentry category-kunst-gemalde-grafik category-produktkategorien\">\n<h2 class=\"wp-block-post-title\"><a href=\"https:\/\/bolland-marotz.de\/en\/heinrich-vogeler-romantik-und-revolution-bei-bolland-marotz\/\" target=\"_self\" >Heinrich Vogeler: Romantik und Revolution bei Bolland &#038; Marotz<\/a><\/h2>\n\n\n\n<div class=\"wp-block-post-excerpt\"><p class=\"wp-block-post-excerpt__excerpt\">Heinrich Vogeler, dessen Werk tief in der Romantik verwurzelt ist und dennoch eine starke soziale und politische Botschaft tr\u00e4gt, bleibt eine faszinierende Figur der deutschen Kunstgeschichte. Als Mitglied der Worpsweder K\u00fcnstlerkolonie schuf Vogeler Kunstwerke, die durch ihre idyllischen Landschaften, detailreichen Jugendstilillustrationen und sp\u00e4ter durch ihr revolution\u00e4res Engagement beeindrucken. Seine Arbeiten spiegeln eine tiefe Verbindung zur<\/p><p class=\"wp-block-post-excerpt__more-text\"><a class=\"wp-block-post-excerpt__more-link\" href=\"https:\/\/bolland-marotz.de\/en\/heinrich-vogeler-romantik-und-revolution-bei-bolland-marotz\/\">Mehr lesen<\/a><\/p><\/div>\n\n\n<hr class=\"wp-block-separator has-css-opacity\"\/>\n\n\n<div class=\"wp-block-post-date\"><time datetime=\"2024-05-31T12:22:48+02:00\">31. May 2024<\/time><\/div>\n<\/li><li class=\"wp-block-post post-56858 post type-post status-publish format-standard hentry category-kunst-gemalde-grafik category-produktkategorien\">\n<h2 class=\"wp-block-post-title\"><a href=\"https:\/\/bolland-marotz.de\/en\/fritz-overbeck-und-die-faszination-der-natur-bei-bolland-marotz\/\" target=\"_self\" >Fritz Overbeck und die Faszination der Natur bei Bolland &#038; Marotz<\/a><\/h2>\n\n\n\n<div class=\"wp-block-post-excerpt\"><p class=\"wp-block-post-excerpt__excerpt\">ritz Overbeck, dessen Name eng mit der Worpsweder K\u00fcnstlerkolonie verbunden ist, hat sich durch seine lebendigen Landschaftsdarstellungen und einf\u00fchlsamen Portr\u00e4ts einen besonderen Platz in der Kunstgeschichte gesichert. Seine F\u00e4higkeit, das Licht und die Stimmung der norddeutschen Landschaft einzufangen, verleiht seinen Werken eine zeitlose Anziehungskraft. Overbeck verstand es meisterhaft, die Sch\u00f6nheit der Natur mit einem tiefen<\/p><p class=\"wp-block-post-excerpt__more-text\"><a class=\"wp-block-post-excerpt__more-link\" href=\"https:\/\/bolland-marotz.de\/en\/fritz-overbeck-und-die-faszination-der-natur-bei-bolland-marotz\/\">Mehr lesen<\/a><\/p><\/div>\n\n\n<hr class=\"wp-block-separator has-css-opacity\"\/>\n\n\n<div class=\"wp-block-post-date\"><time datetime=\"2024-05-31T12:21:01+02:00\">31. May 2024<\/time><\/div>\n<\/li><li class=\"wp-block-post post-56855 post type-post status-publish format-standard hentry category-kunst-gemalde-grafik category-produktkategorien\">\n<h2 class=\"wp-block-post-title\"><a href=\"https:\/\/bolland-marotz.de\/en\/udo-peters-ein-moderner-interpret-der-landschaftsmalerei-bei-bolland-marotz\/\" target=\"_self\" >Udo Peters: Ein moderner Interpret der Landschaftsmalerei bei Bolland &#038; Marotz<\/a><\/h2>\n\n\n\n<div class=\"wp-block-post-excerpt\"><p class=\"wp-block-post-excerpt__excerpt\">Udo Peters, dessen Werk sich durch eine moderne und oft experimentelle Herangehensweise an die Landschaftsmalerei auszeichnet, f\u00fcgt sich nahtlos in die Tradition gro\u00dfer Landschaftsk\u00fcnstler ein, w\u00e4hrend er gleichzeitig neue Perspektiven und Techniken erforscht. Seine Arbeiten, die von einer tiefen Verbundenheit mit der Natur zeugen, bieten Betrachtern eine frische Sicht auf die uns umgebende Welt und<\/p><p class=\"wp-block-post-excerpt__more-text\"><a class=\"wp-block-post-excerpt__more-link\" href=\"https:\/\/bolland-marotz.de\/en\/udo-peters-ein-moderner-interpret-der-landschaftsmalerei-bei-bolland-marotz\/\">Mehr lesen<\/a><\/p><\/div>\n\n\n<hr class=\"wp-block-separator has-css-opacity\"\/>\n\n\n<div class=\"wp-block-post-date\"><time datetime=\"2024-05-31T12:19:21+02:00\">31. May 2024<\/time><\/div>\n<\/li><li class=\"wp-block-post post-56851 post type-post status-publish format-standard hentry category-kunst-gemalde-grafik category-produktkategorien\">\n<h2 class=\"wp-block-post-title\"><a href=\"https:\/\/bolland-marotz.de\/en\/lisel-oppel-eine-hommage-an-das-kuenstlerische-erbe-bei-bolland-marotz\/\" target=\"_self\" >Lisel Oppel: Eine Hommage an das k\u00fcnstlerische Erbe bei Bolland &#038; Marotz<\/a><\/h2>\n\n\n\n<div class=\"wp-block-post-excerpt\"><p class=\"wp-block-post-excerpt__excerpt\">Die Werke von Lisel Oppel, einer herausragenden K\u00fcnstlerin, die mit ihren lebendigen Darstellungen und tiefgr\u00fcndigen Perspektiven die Kunstszene bereicherte, verdienen eine besondere Plattform. Bolland &#038; Marotz ehrt ihr Erbe, indem wir Sammlern und Kunstliebhabern die M\u00f6glichkeit bieten, Teil ihrer k\u00fcnstlerischen Reise zu werden. Oppels Kunst, bekannt f\u00fcr ihre einzigartige Mischung aus Realismus und Expressionismus, f\u00e4ngt<\/p><p class=\"wp-block-post-excerpt__more-text\"><a class=\"wp-block-post-excerpt__more-link\" href=\"https:\/\/bolland-marotz.de\/en\/lisel-oppel-eine-hommage-an-das-kuenstlerische-erbe-bei-bolland-marotz\/\">Mehr lesen<\/a><\/p><\/div>\n\n\n<hr class=\"wp-block-separator has-css-opacity\"\/>\n\n\n<div class=\"wp-block-post-date\"><time datetime=\"2024-05-31T12:06:05+02:00\">31. May 2024<\/time><\/div>\n<\/li><li class=\"wp-block-post post-56847 post type-post status-publish format-standard hentry category-kunst-gemalde-grafik category-produktkategorien\">\n<h2 class=\"wp-block-post-title\"><a href=\"https:\/\/bolland-marotz.de\/en\/carl-vinnen-ein-pionier-der-modernen-landschaftsmalerei-bei-bolland-marotz\/\" target=\"_self\" >Carl Vinnen: Ein Pionier der modernen Landschaftsmalerei bei Bolland &#038; Marotz<\/a><\/h2>\n\n\n\n<div class=\"wp-block-post-excerpt\"><p class=\"wp-block-post-excerpt__excerpt\">Carl Vinnen, ein bedeutender Vertreter der deutschen Landschaftsmalerei zu Beginn des 20. Jahrhunderts, spielte eine wichtige Rolle in der Entwicklung der modernen Kunst in Deutschland. Als Mitglied der Worpsweder K\u00fcnstlerkolonie setzte sich Vinnen f\u00fcr eine neue Auffassung der Landschaftsmalerei ein, die sich durch eine intensivere Auseinandersetzung mit der Natur und eine freiere, expressivere Malweise auszeichnete.<\/p><p class=\"wp-block-post-excerpt__more-text\"><a class=\"wp-block-post-excerpt__more-link\" href=\"https:\/\/bolland-marotz.de\/en\/carl-vinnen-ein-pionier-der-modernen-landschaftsmalerei-bei-bolland-marotz\/\">Mehr lesen<\/a><\/p><\/div>\n\n\n<hr class=\"wp-block-separator has-css-opacity\"\/>\n\n\n<div class=\"wp-block-post-date\"><time datetime=\"2024-05-31T12:03:59+02:00\">31. May 2024<\/time><\/div>\n<\/li><li class=\"wp-block-post post-56843 post type-post status-publish format-standard hentry category-kunst-gemalde-grafik category-produktkategorien\">\n<h2 class=\"wp-block-post-title\"><a href=\"https:\/\/bolland-marotz.de\/en\/norbert-schwontkowski-zwischen-melancholie-und-humor-bei-bolland-marotz\/\" target=\"_self\" >Norbert Schwontkowski: Zwischen Melancholie und Humor bei Bolland &#038; Marotz<\/a><\/h2>\n\n\n\n<div class=\"wp-block-post-excerpt\"><p class=\"wp-block-post-excerpt__excerpt\">Norbert Schwontkowski, bekannt f\u00fcr seine einzigartige Herangehensweise an die Malerei, die sich durch eine Mischung aus Melancholie, Humor und Tiefgr\u00fcndigkeit auszeichnet, hinterlie\u00df ein beeindruckendes \u0152uvre, das Betrachter weltweit fasziniert. Seine Werke, oft gekennzeichnet durch ged\u00e4mpfte Farbpaletten und r\u00e4tselhafte Szenen, laden zu einer tiefen Reflexion \u00fcber Existenz und Allt\u00e4glichkeit ein. Schwontkowski, der zu den bedeutenden zeitgen\u00f6ssischen<\/p><p class=\"wp-block-post-excerpt__more-text\"><a class=\"wp-block-post-excerpt__more-link\" href=\"https:\/\/bolland-marotz.de\/en\/norbert-schwontkowski-zwischen-melancholie-und-humor-bei-bolland-marotz\/\">Mehr lesen<\/a><\/p><\/div>\n\n\n<hr class=\"wp-block-separator has-css-opacity\"\/>\n\n\n<div class=\"wp-block-post-date\"><time datetime=\"2024-05-31T12:02:20+02:00\">31. May 2024<\/time><\/div>\n<\/li><li class=\"wp-block-post post-51052 post type-post status-publish format-standard hentry category-kunst-gemalde-grafik category-produktkategorien\">\n<h2 class=\"wp-block-post-title\"><a href=\"https:\/\/bolland-marotz.de\/en\/norbert-schwontkowski-zwischen-melancholie-und-humor-bei-bolland-marotz-2\/\" target=\"_self\" >Norbert Schwontkowski: Zwischen Melancholie und Humor bei Bolland &#038; Marotz<\/a><\/h2>\n\n\n\n<div class=\"wp-block-post-excerpt\"><p class=\"wp-block-post-excerpt__excerpt\">Norbert Schwontkowski, bekannt f\u00fcr seine einzigartige Herangehensweise an die Malerei, die sich durch eine Mischung aus Melancholie, Humor und Tiefgr\u00fcndigkeit auszeichnet, hinterlie\u00df ein beeindruckendes \u0152uvre, das Betrachter weltweit fasziniert. Seine Werke, oft gekennzeichnet durch ged\u00e4mpfte Farbpaletten und r\u00e4tselhafte Szenen, laden zu einer tiefen Reflexion \u00fcber Existenz und Allt\u00e4glichkeit ein. Schwontkowski, der zu den bedeutenden zeitgen\u00f6ssischen<\/p><p class=\"wp-block-post-excerpt__more-text\"><a class=\"wp-block-post-excerpt__more-link\" href=\"https:\/\/bolland-marotz.de\/en\/norbert-schwontkowski-zwischen-melancholie-und-humor-bei-bolland-marotz-2\/\">Mehr lesen<\/a><\/p><\/div>\n\n\n<hr class=\"wp-block-separator has-css-opacity\"\/>\n\n\n<div class=\"wp-block-post-date\"><time datetime=\"2024-03-18T19:34:04+01:00\">18. March 2024<\/time><\/div>\n<\/li><\/ul><\/div>\n","protected":false},"excerpt":{"rendered":"<p>In der Auktionskategorie Kunst, Gem\u00e4lde &#038; Grafik bei Bolland &#038; Marotz pr\u00e4sentieren wir eine breit gef\u00e4cherte Auswahl an Werken, die von der klassischen Malerei \u00fcber moderne Gem\u00e4lde bis hin zu zeitgen\u00f6ssischen Grafiken reicht. Diese Kategorie zieht Sammler und Kunstbegeisterte an, die auf der Suche nach bedeutenden und ausdrucksstarken Werken sind, die sowohl \u00e4sthetischen Genuss als [&hellip;]<\/p>\n","protected":false},"author":4,"featured_media":50394,"parent":0,"menu_order":0,"comment_status":"closed","ping_status":"closed","template":"","meta":{"_acf_changed":false,"footnotes":""},"class_list":["post-50353","page","type-page","status-publish","has-post-thumbnail","hentry"],"acf":{"page_header_title":"","page_header_content":"","page_header_footer":""},"yoast_head":"<!-- This site is optimized with the Yoast SEO plugin v27.2 - https:\/\/yoast.com\/product\/yoast-seo-wordpress\/ -->\n<title>Kunst Gemalde Grafik Deutschland - Bolland &amp; Marotz<\/title>\n<meta name=\"description\" content=\"Bestes Online-Portal f\u00fcr Gebote f\u00fcr Kunst, Malerei und Grafiken. Das Auktionshaus Bolland &amp; Manrtoz hilft bei der Bewertung klassischer, moderner Gem\u00e4lde und zeitgen\u00f6ssischer Grafiken.\" \/>\n<meta name=\"robots\" content=\"index, follow, max-snippet:-1, max-image-preview:large, max-video-preview:-1\" \/>\n<link rel=\"canonical\" href=\"https:\/\/bolland-marotz.de\/en\/kategorie-kunst-gemalde-grafik\/\" \/>\n<meta property=\"og:locale\" content=\"en_US\" \/>\n<meta property=\"og:locale:alternate\" content=\"de_DE\" \/>\n<meta property=\"og:type\" content=\"article\" \/>\n<meta property=\"og:title\" content=\"Kunst Gemalde Grafik Deutschland - Bolland &amp; Marotz\" \/>\n<meta property=\"og:description\" content=\"Bestes Online-Portal f\u00fcr Gebote f\u00fcr Kunst, Malerei und Grafiken. Das Auktionshaus Bolland &amp; Manrtoz hilft bei der Bewertung klassischer, moderner Gem\u00e4lde und zeitgen\u00f6ssischer Grafiken.\" \/>\n<meta property=\"og:url\" content=\"https:\/\/bolland-marotz.de\/en\/kategorie-kunst-gemalde-grafik\/\" \/>\n<meta property=\"og:site_name\" content=\"Bolland &amp; Marotz\" \/>\n<meta property=\"article:modified_time\" content=\"2024-05-17T09:42:34+00:00\" \/>\n<meta property=\"og:image\" content=\"https:\/\/bolland-marotz.de\/wp-content\/uploads\/2024\/03\/Painting-Historia-Auktionshaus.jpg\" \/>\n\t<meta property=\"og:image:width\" content=\"1920\" \/>\n\t<meta property=\"og:image:height\" content=\"1080\" \/>\n\t<meta property=\"og:image:type\" content=\"image\/jpeg\" \/>\n<meta name=\"twitter:card\" content=\"summary_large_image\" \/>\n<meta name=\"twitter:label1\" content=\"Est. reading time\" \/>\n\t<meta name=\"twitter:data1\" content=\"2 minutes\" \/>\n<script type=\"application\/ld+json\" class=\"yoast-schema-graph\">{\"@context\":\"https:\/\/schema.org\",\"@graph\":[{\"@type\":\"WebPage\",\"@id\":\"https:\/\/bolland-marotz.de\/kategorie-kunst-gemalde-grafik\/\",\"url\":\"https:\/\/bolland-marotz.de\/kategorie-kunst-gemalde-grafik\/\",\"name\":\"Kunst Gemalde Grafik Deutschland - Bolland & Marotz\",\"isPartOf\":{\"@id\":\"https:\/\/bolland-marotz.de\/#website\"},\"primaryImageOfPage\":{\"@id\":\"https:\/\/bolland-marotz.de\/kategorie-kunst-gemalde-grafik\/#primaryimage\"},\"image\":{\"@id\":\"https:\/\/bolland-marotz.de\/kategorie-kunst-gemalde-grafik\/#primaryimage\"},\"thumbnailUrl\":\"https:\/\/bolland-marotz.de\/wp-content\/uploads\/2024\/03\/Painting-Historia-Auktionshaus.jpg\",\"datePublished\":\"2024-03-08T12:11:21+00:00\",\"dateModified\":\"2024-05-17T09:42:34+00:00\",\"description\":\"Bestes Online-Portal f\u00fcr Gebote f\u00fcr Kunst, Malerei und Grafiken. Das Auktionshaus Bolland & Manrtoz hilft bei der Bewertung klassischer, moderner Gem\u00e4lde und zeitgen\u00f6ssischer Grafiken.\",\"breadcrumb\":{\"@id\":\"https:\/\/bolland-marotz.de\/kategorie-kunst-gemalde-grafik\/#breadcrumb\"},\"inLanguage\":\"en-US\",\"potentialAction\":[{\"@type\":\"ReadAction\",\"target\":[\"https:\/\/bolland-marotz.de\/kategorie-kunst-gemalde-grafik\/\"]}]},{\"@type\":\"ImageObject\",\"inLanguage\":\"en-US\",\"@id\":\"https:\/\/bolland-marotz.de\/kategorie-kunst-gemalde-grafik\/#primaryimage\",\"url\":\"https:\/\/bolland-marotz.de\/wp-content\/uploads\/2024\/03\/Painting-Historia-Auktionshaus.jpg\",\"contentUrl\":\"https:\/\/bolland-marotz.de\/wp-content\/uploads\/2024\/03\/Painting-Historia-Auktionshaus.jpg\",\"width\":1920,\"height\":1080,\"caption\":\"Kunst Gemalde Grafik Deutschland\"},{\"@type\":\"BreadcrumbList\",\"@id\":\"https:\/\/bolland-marotz.de\/kategorie-kunst-gemalde-grafik\/#breadcrumb\",\"itemListElement\":[{\"@type\":\"ListItem\",\"position\":1,\"name\":\"Startseite\",\"item\":\"https:\/\/bolland-marotz.de\/\"},{\"@type\":\"ListItem\",\"position\":2,\"name\":\"Kategorie Kunst, Gem\u00e4lde &#038; Grafik\"}]},{\"@type\":\"WebSite\",\"@id\":\"https:\/\/bolland-marotz.de\/#website\",\"url\":\"https:\/\/bolland-marotz.de\/\",\"name\":\"Bolland & Marotz\",\"description\":\"\",\"potentialAction\":[{\"@type\":\"SearchAction\",\"target\":{\"@type\":\"EntryPoint\",\"urlTemplate\":\"https:\/\/bolland-marotz.de\/?s={search_term_string}\"},\"query-input\":{\"@type\":\"PropertyValueSpecification\",\"valueRequired\":true,\"valueName\":\"search_term_string\"}}],\"inLanguage\":\"en-US\"}]}<\/script>\n<!-- \/ Yoast SEO plugin. -->","yoast_head_json":{"title":"Kunst Gemalde Grafik Deutschland - Bolland & Marotz","description":"Bestes Online-Portal f\u00fcr Gebote f\u00fcr Kunst, Malerei und Grafiken. Das Auktionshaus Bolland & Manrtoz hilft bei der Bewertung klassischer, moderner Gem\u00e4lde und zeitgen\u00f6ssischer Grafiken.","robots":{"index":"index","follow":"follow","max-snippet":"max-snippet:-1","max-image-preview":"max-image-preview:large","max-video-preview":"max-video-preview:-1"},"canonical":"https:\/\/bolland-marotz.de\/en\/kategorie-kunst-gemalde-grafik\/","og_locale":"en_US","og_type":"article","og_title":"Kunst Gemalde Grafik Deutschland - Bolland & Marotz","og_description":"Bestes Online-Portal f\u00fcr Gebote f\u00fcr Kunst, Malerei und Grafiken. Das Auktionshaus Bolland & Manrtoz hilft bei der Bewertung klassischer, moderner Gem\u00e4lde und zeitgen\u00f6ssischer Grafiken.","og_url":"https:\/\/bolland-marotz.de\/en\/kategorie-kunst-gemalde-grafik\/","og_site_name":"Bolland & Marotz","article_modified_time":"2024-05-17T09:42:34+00:00","og_image":[{"width":1920,"height":1080,"url":"https:\/\/bolland-marotz.de\/wp-content\/uploads\/2024\/03\/Painting-Historia-Auktionshaus.jpg","type":"image\/jpeg"}],"twitter_card":"summary_large_image","twitter_misc":{"Est. reading time":"2 minutes"},"schema":{"@context":"https:\/\/schema.org","@graph":[{"@type":"WebPage","@id":"https:\/\/bolland-marotz.de\/kategorie-kunst-gemalde-grafik\/","url":"https:\/\/bolland-marotz.de\/kategorie-kunst-gemalde-grafik\/","name":"Kunst Gemalde Grafik Deutschland - Bolland & Marotz","isPartOf":{"@id":"https:\/\/bolland-marotz.de\/#website"},"primaryImageOfPage":{"@id":"https:\/\/bolland-marotz.de\/kategorie-kunst-gemalde-grafik\/#primaryimage"},"image":{"@id":"https:\/\/bolland-marotz.de\/kategorie-kunst-gemalde-grafik\/#primaryimage"},"thumbnailUrl":"https:\/\/bolland-marotz.de\/wp-content\/uploads\/2024\/03\/Painting-Historia-Auktionshaus.jpg","datePublished":"2024-03-08T12:11:21+00:00","dateModified":"2024-05-17T09:42:34+00:00","description":"Bestes Online-Portal f\u00fcr Gebote f\u00fcr Kunst, Malerei und Grafiken. Das Auktionshaus Bolland & Manrtoz hilft bei der Bewertung klassischer, moderner Gem\u00e4lde und zeitgen\u00f6ssischer Grafiken.","breadcrumb":{"@id":"https:\/\/bolland-marotz.de\/kategorie-kunst-gemalde-grafik\/#breadcrumb"},"inLanguage":"en-US","potentialAction":[{"@type":"ReadAction","target":["https:\/\/bolland-marotz.de\/kategorie-kunst-gemalde-grafik\/"]}]},{"@type":"ImageObject","inLanguage":"en-US","@id":"https:\/\/bolland-marotz.de\/kategorie-kunst-gemalde-grafik\/#primaryimage","url":"https:\/\/bolland-marotz.de\/wp-content\/uploads\/2024\/03\/Painting-Historia-Auktionshaus.jpg","contentUrl":"https:\/\/bolland-marotz.de\/wp-content\/uploads\/2024\/03\/Painting-Historia-Auktionshaus.jpg","width":1920,"height":1080,"caption":"Kunst Gemalde Grafik Deutschland"},{"@type":"BreadcrumbList","@id":"https:\/\/bolland-marotz.de\/kategorie-kunst-gemalde-grafik\/#breadcrumb","itemListElement":[{"@type":"ListItem","position":1,"name":"Startseite","item":"https:\/\/bolland-marotz.de\/"},{"@type":"ListItem","position":2,"name":"Kategorie Kunst, Gem\u00e4lde &#038; Grafik"}]},{"@type":"WebSite","@id":"https:\/\/bolland-marotz.de\/#website","url":"https:\/\/bolland-marotz.de\/","name":"Bolland & Marotz","description":"","potentialAction":[{"@type":"SearchAction","target":{"@type":"EntryPoint","urlTemplate":"https:\/\/bolland-marotz.de\/?s={search_term_string}"},"query-input":{"@type":"PropertyValueSpecification","valueRequired":true,"valueName":"search_term_string"}}],"inLanguage":"en-US"}]}},"_links":{"self":[{"href":"https:\/\/bolland-marotz.de\/en\/wp-json\/wp\/v2\/pages\/50353","targetHints":{"allow":["GET"]}}],"collection":[{"href":"https:\/\/bolland-marotz.de\/en\/wp-json\/wp\/v2\/pages"}],"about":[{"href":"https:\/\/bolland-marotz.de\/en\/wp-json\/wp\/v2\/types\/page"}],"author":[{"embeddable":true,"href":"https:\/\/bolland-marotz.de\/en\/wp-json\/wp\/v2\/users\/4"}],"replies":[{"embeddable":true,"href":"https:\/\/bolland-marotz.de\/en\/wp-json\/wp\/v2\/comments?post=50353"}],"version-history":[{"count":8,"href":"https:\/\/bolland-marotz.de\/en\/wp-json\/wp\/v2\/pages\/50353\/revisions"}],"predecessor-version":[{"id":56059,"href":"https:\/\/bolland-marotz.de\/en\/wp-json\/wp\/v2\/pages\/50353\/revisions\/56059"}],"wp:featuredmedia":[{"embeddable":true,"href":"https:\/\/bolland-marotz.de\/en\/wp-json\/wp\/v2\/media\/50394"}],"wp:attachment":[{"href":"https:\/\/bolland-marotz.de\/en\/wp-json\/wp\/v2\/media?parent=50353"}],"curies":[{"name":"wp","href":"https:\/\/api.w.org\/{rel}","templated":true}]}}