{"id":495,"date":"2019-03-14T23:54:35","date_gmt":"2019-03-14T22:54:35","guid":{"rendered":"https:\/\/bolland-marotz.de\/?page_id=495"},"modified":"2019-03-15T00:00:48","modified_gmt":"2019-03-14T23:00:48","slug":"versandinformationen","status":"publish","type":"page","link":"https:\/\/bolland-marotz.de\/en\/versandinformationen\/","title":{"rendered":"Versandinformationen"},"content":{"rendered":"<div id=\"main-content\">\n<article id=\"post-333\" class=\"post-333 page type-page status-publish hentry\">\n<div class=\"entry-content\">\n<div id=\"et-boc\" class=\"et-boc\">\n<div class=\"et_builder_inner_content et_pb_gutters3\">\n<div class=\"et_pb_section et_pb_section_0 et_section_regular\">\n<div class=\"et_pb_row et_pb_row_0\">\n<div class=\"et_pb_column et_pb_column_4_4 et_pb_column_0    et_pb_css_mix_blend_mode_passthrough et-last-child\">\n<div class=\"et_pb_module et_pb_text et_pb_text_0 et_pb_bg_layout_light  et_pb_text_align_left\">\n<div class=\"et_pb_text_inner\">\n<p class=\"p1\">Wenn Sie auf Ihrem Gebotsformular einen Versandwunsch angegeben haben, beinhaltet die Rechnung bereits die kalkulierten Versandkosten (ohne Gew\u00e4hr) an die uns vorliegende Rechnungsadresse. Sollten Sie auf dem Bietauftrag weder ein Kreuz bei Versand noch bei Selbstabholung gesetzt haben, gehen wir davon aus, dass Sie die ersteigerten Objekte zugesandt haben m\u00f6chten. Das Mit-\u00dcberweisen der Versandkosten gilt f\u00fcr uns als Versand-Auftrag. Bei abweichender Lieferadresse bitten wir Sie, uns dar\u00fcber bereits mit Abgabe des Bietauftrages zu informieren, da wir die Rechnungen inkl. Versandkosten bereits unmittelbar nach der Auktion schreiben und verschicken. Alle Versandkostenpreise sind inkl. der gesetzlichen MwSt. von 19 % angegeben.<\/p>\n<p class=\"p1\">Bedenken Sie bitte, dass der Versand ein <b>Service unsererseits<\/b> ist und wir kein Versandhaus sind. Unsere geschulten Mitarbeiter verpacken die Objekte sorgf\u00e4ltig und bem\u00fchen sich angesichts von hunderten Paketen, die nach einer Auktion gepackt und \u00fcber verschiedene Versanddienstleister versendet werden, dass Sie Ihre ersteigerten St\u00fccke schnellstm\u00f6glich auf dem Postweg erhalten. Wir berufen uns ferner auf \u00a7 447 BGB: <b>Der Versand erfolgt im Auftrag und auf Risiko des K\u00e4ufers. <\/b>Porto und Verpackung werden zum Selbstkostenpreis berechnet und teilweise von <b>Bolland &amp; Marotz<\/b> subventioniert.<\/p>\n<h3>Versandrichtpreise innerhalb Deutschlands<\/h3>\n<h4>Schmuck<\/h4>\n<ul>\n<li>\n<p class=\"p1\">bis \u20ac 500 Rechnungsbetrag:\u00a0\u00a0 \u20ac 15,-<\/p>\n<\/li>\n<li>\n<p class=\"p1\">ab \u20ac 500 Rechnungsbetrag:\u00a0\u00a0\u00a0 \u20ac 30,-<\/p>\n<\/li>\n<\/ul>\n<h4 class=\"p1\">Kleinkunst und Gem\u00e4lde (inkl. Rahmen, pro St\u00fcck)<\/h4>\n<ul>\n<li class=\"li1\">bis 30 cm: \u00a0 \u00a0 \u20ac 15,-<\/li>\n<li class=\"li1\">bis 60 cm: \u00a0 \u00a0 \u20ac 20,-<\/li>\n<li class=\"li1\">bis 90 cm:\u00a0\u00a0\u00a0\u00a0 \u20ac 30,-<\/li>\n<li class=\"li1\">bis 120 cm:\u00a0\u00a0 \u20ac 40,-<\/li>\n<\/ul>\n<p class=\"p1\">F\u00fcr jede zus\u00e4tzliche Position werden \u20ac 4,- berechnet. F\u00fcr Sperrgut und bei einem Rechnungsbetrag von \u00fcber 1000 \u20ac werden pauschal zus\u00e4tzlich 10 \u20ac berechnet.<\/p>\n<p class=\"p3\">Bei Tafelservicen und gro\u00dfen Konvoluten sowie bei empfindlichen Gegenst\u00e4nde wird eine Pauschale von\u20ac 10,- bis\u00a0 \u20ac 50,- erhoben<\/p>\n<p class=\"p1\">Bei gro\u00dfen, empfindlichen und sperrigen Objekten \u2013 Gesamtma\u00dfe \u00fcber 120 cm und\/oder einem Gesamtgewicht von \u00fcber 31 kg und\/oder einem Gesamtwert von \u00fcber 2500 \u20ac \u2013 vermitteln wir Ihnen gerne eine Anlieferung durch die mit uns in Kooperation stehende Spedition Reitmayer. Bei gro\u00dfen und schweren M\u00f6belst\u00fccken muss am Auslieferungsort ein Helfer zur Verf\u00fcgung gestellt werden, der dem Fahrer beim Entladen behilflich sein kann.<\/p>\n<h4 class=\"p1\">Preisbeispiele, pro St\u00fcck<\/h4>\n<table class=\"t1\" cellspacing=\"0\" cellpadding=\"0\">\n<tbody>\n<tr>\n<td class=\"td1\" valign=\"middle\">\n<p class=\"p1\">Gem\u00e4lde, Uhren<\/p>\n<\/td>\n<td class=\"td1\" valign=\"middle\"><\/td>\n<td class=\"td1\" valign=\"middle\">\n<p class=\"p1\">ab \u20ac 59,-<\/p>\n<\/td>\n<\/tr>\n<tr>\n<td class=\"td1\" valign=\"middle\">\n<p class=\"p1\">Gro\u00dfe Vasen, Bronzen, Skulpturen, Teppiche<\/p>\n<\/td>\n<td class=\"td1\" valign=\"middle\"><\/td>\n<td class=\"td1\" valign=\"middle\">\n<p class=\"p1\">ab \u20ac 69,-<\/p>\n<\/td>\n<\/tr>\n<tr>\n<td class=\"td1\" valign=\"middle\">\n<p class=\"p1\">Tische, St\u00fchle, Sessel, Beistelltische, Schemel<\/p>\n<\/td>\n<td class=\"td1\" valign=\"middle\"><\/td>\n<td class=\"td1\" valign=\"middle\">\n<p class=\"p1\">ab \u20ac 69,-<\/p>\n<\/td>\n<\/tr>\n<tr>\n<td class=\"td1\" valign=\"middle\">\n<p class=\"p1\">Standuhren, Truhen, Kommoden, Sekret\u00e4re<\/p>\n<\/td>\n<td class=\"td1\" valign=\"middle\"><\/td>\n<td class=\"td1\" valign=\"middle\">\n<p class=\"p1\">ab \u20ac 99,-<\/p>\n<\/td>\n<\/tr>\n<tr>\n<td class=\"td1\" valign=\"middle\">\n<p class=\"p1\">Schr\u00e4nke, Vitrinen<\/p>\n<\/td>\n<td class=\"td1\" valign=\"middle\"><\/td>\n<td class=\"td1\" valign=\"middle\">\n<p class=\"p1\">ab \u20ac 129,-<\/p>\n<\/td>\n<\/tr>\n<\/tbody>\n<\/table>\n<\/div>\n<\/div>\n<p class=\"p1\">Die Anlieferungen k\u00f6nnen bundesweit erfolgen. Alle Transportpreise werden individuell auf Ihre Bed\u00fcrfnisse zugeschnitten und verstehen sich inkl. transportsicherer Verpackung sowie Transportversicherung und MwSt.<\/p>\n<p class=\"p1\">Bei Sammelbestellungen ist ein Versandrabatt m\u00f6glich.<\/p>\n<p class=\"p1\">Lieferzeiten betragen 1 bis 3 Wochen nach Freigabe durch das Auktionshaus.<\/p>\n<p class=\"p1\">Rechtzeitige telefonische Avisierung, mit Datum und Zeitfenster, wird zugesichert.<\/p>\n<p class=\"p1\">Die Bezahlung wird direkt mit dem Spediteur abgewickelt. Eine Barzahlung bei Lieferung gegen Rechnung wird gew\u00fcnscht.<\/p>\n<p class=\"p1\">Thomas Reitmayer Transporte<br \/>\nGeisenfelder Str. 40<br \/>\n85283 Wolnzach<\/p>\n<p class=\"p1\">Telefon: 08442 63 89 34<br \/>\nMobil: \u00a0 0173 36 76 100<br \/>\nEmail:\u00a0 reitmayer.transporte@gmx.de<\/p>\n<p class=\"p1\">Um Ihnen eine schnellstm\u00f6gliche Bearbeitung Ihrer Anfrage zu erm\u00f6glichen, halten Sie bitte die Katalognummern Ihrer ersteigerten Objekte bereit!<\/p>\n<\/div>\n<\/div>\n<\/div>\n<\/div>\n<\/div>\n<\/div>\n<\/article>\n<\/div>\n","protected":false},"excerpt":{"rendered":"<p>Wenn Sie auf Ihrem Gebotsformular einen Versandwunsch angegeben haben, beinhaltet die Rechnung bereits die kalkulierten Versandkosten (ohne Gew\u00e4hr) an die uns vorliegende Rechnungsadresse. Sollten Sie auf dem Bietauftrag weder ein Kreuz bei Versand noch bei Selbstabholung gesetzt haben, gehen wir davon aus, dass Sie die ersteigerten Objekte zugesandt haben m\u00f6chten. Das Mit-\u00dcberweisen der Versandkosten gilt [&hellip;]<\/p>\n","protected":false},"author":1,"featured_media":0,"parent":0,"menu_order":0,"comment_status":"closed","ping_status":"closed","template":"","meta":{"_acf_changed":false,"footnotes":""},"class_list":["post-495","page","type-page","status-publish","hentry"],"acf":{"page_header_title":"","page_header_content":"","page_header_footer":""},"yoast_head":"<!-- This site is optimized with the Yoast SEO plugin v27.2 - https:\/\/yoast.com\/product\/yoast-seo-wordpress\/ -->\n<title>Versandinformationen - Bolland &amp; Marotz<\/title>\n<meta name=\"robots\" content=\"index, follow, max-snippet:-1, max-image-preview:large, max-video-preview:-1\" \/>\n<link rel=\"canonical\" href=\"https:\/\/bolland-marotz.de\/en\/versandinformationen\/\" \/>\n<meta property=\"og:locale\" content=\"en_US\" \/>\n<meta property=\"og:locale:alternate\" content=\"de_DE\" \/>\n<meta property=\"og:type\" content=\"article\" \/>\n<meta property=\"og:title\" content=\"Versandinformationen - Bolland &amp; Marotz\" \/>\n<meta property=\"og:description\" content=\"Wenn Sie auf Ihrem Gebotsformular einen Versandwunsch angegeben haben, beinhaltet die Rechnung bereits die kalkulierten Versandkosten (ohne Gew\u00e4hr) an die uns vorliegende Rechnungsadresse. Sollten Sie auf dem Bietauftrag weder ein Kreuz bei Versand noch bei Selbstabholung gesetzt haben, gehen wir davon aus, dass Sie die ersteigerten Objekte zugesandt haben m\u00f6chten. Das Mit-\u00dcberweisen der Versandkosten gilt [&hellip;]\" \/>\n<meta property=\"og:url\" content=\"https:\/\/bolland-marotz.de\/en\/versandinformationen\/\" \/>\n<meta property=\"og:site_name\" content=\"Bolland &amp; Marotz\" \/>\n<meta property=\"article:modified_time\" content=\"2019-03-14T23:00:48+00:00\" \/>\n<meta name=\"twitter:card\" content=\"summary_large_image\" \/>\n<meta name=\"twitter:label1\" content=\"Est. reading time\" \/>\n\t<meta name=\"twitter:data1\" content=\"2 minutes\" \/>\n<script type=\"application\/ld+json\" class=\"yoast-schema-graph\">{\"@context\":\"https:\/\/schema.org\",\"@graph\":[{\"@type\":\"WebPage\",\"@id\":\"https:\/\/bolland-marotz.de\/versandinformationen\/\",\"url\":\"https:\/\/bolland-marotz.de\/versandinformationen\/\",\"name\":\"Versandinformationen - Bolland & Marotz\",\"isPartOf\":{\"@id\":\"https:\/\/bolland-marotz.de\/#website\"},\"datePublished\":\"2019-03-14T22:54:35+00:00\",\"dateModified\":\"2019-03-14T23:00:48+00:00\",\"breadcrumb\":{\"@id\":\"https:\/\/bolland-marotz.de\/versandinformationen\/#breadcrumb\"},\"inLanguage\":\"en-US\",\"potentialAction\":[{\"@type\":\"ReadAction\",\"target\":[\"https:\/\/bolland-marotz.de\/versandinformationen\/\"]}]},{\"@type\":\"BreadcrumbList\",\"@id\":\"https:\/\/bolland-marotz.de\/versandinformationen\/#breadcrumb\",\"itemListElement\":[{\"@type\":\"ListItem\",\"position\":1,\"name\":\"Startseite\",\"item\":\"https:\/\/bolland-marotz.de\/\"},{\"@type\":\"ListItem\",\"position\":2,\"name\":\"Versandinformationen\"}]},{\"@type\":\"WebSite\",\"@id\":\"https:\/\/bolland-marotz.de\/#website\",\"url\":\"https:\/\/bolland-marotz.de\/\",\"name\":\"Bolland & Marotz\",\"description\":\"\",\"potentialAction\":[{\"@type\":\"SearchAction\",\"target\":{\"@type\":\"EntryPoint\",\"urlTemplate\":\"https:\/\/bolland-marotz.de\/?s={search_term_string}\"},\"query-input\":{\"@type\":\"PropertyValueSpecification\",\"valueRequired\":true,\"valueName\":\"search_term_string\"}}],\"inLanguage\":\"en-US\"}]}<\/script>\n<!-- \/ Yoast SEO plugin. -->","yoast_head_json":{"title":"Versandinformationen - Bolland & Marotz","robots":{"index":"index","follow":"follow","max-snippet":"max-snippet:-1","max-image-preview":"max-image-preview:large","max-video-preview":"max-video-preview:-1"},"canonical":"https:\/\/bolland-marotz.de\/en\/versandinformationen\/","og_locale":"en_US","og_type":"article","og_title":"Versandinformationen - Bolland & Marotz","og_description":"Wenn Sie auf Ihrem Gebotsformular einen Versandwunsch angegeben haben, beinhaltet die Rechnung bereits die kalkulierten Versandkosten (ohne Gew\u00e4hr) an die uns vorliegende Rechnungsadresse. Sollten Sie auf dem Bietauftrag weder ein Kreuz bei Versand noch bei Selbstabholung gesetzt haben, gehen wir davon aus, dass Sie die ersteigerten Objekte zugesandt haben m\u00f6chten. Das Mit-\u00dcberweisen der Versandkosten gilt [&hellip;]","og_url":"https:\/\/bolland-marotz.de\/en\/versandinformationen\/","og_site_name":"Bolland & Marotz","article_modified_time":"2019-03-14T23:00:48+00:00","twitter_card":"summary_large_image","twitter_misc":{"Est. reading time":"2 minutes"},"schema":{"@context":"https:\/\/schema.org","@graph":[{"@type":"WebPage","@id":"https:\/\/bolland-marotz.de\/versandinformationen\/","url":"https:\/\/bolland-marotz.de\/versandinformationen\/","name":"Versandinformationen - Bolland & Marotz","isPartOf":{"@id":"https:\/\/bolland-marotz.de\/#website"},"datePublished":"2019-03-14T22:54:35+00:00","dateModified":"2019-03-14T23:00:48+00:00","breadcrumb":{"@id":"https:\/\/bolland-marotz.de\/versandinformationen\/#breadcrumb"},"inLanguage":"en-US","potentialAction":[{"@type":"ReadAction","target":["https:\/\/bolland-marotz.de\/versandinformationen\/"]}]},{"@type":"BreadcrumbList","@id":"https:\/\/bolland-marotz.de\/versandinformationen\/#breadcrumb","itemListElement":[{"@type":"ListItem","position":1,"name":"Startseite","item":"https:\/\/bolland-marotz.de\/"},{"@type":"ListItem","position":2,"name":"Versandinformationen"}]},{"@type":"WebSite","@id":"https:\/\/bolland-marotz.de\/#website","url":"https:\/\/bolland-marotz.de\/","name":"Bolland & Marotz","description":"","potentialAction":[{"@type":"SearchAction","target":{"@type":"EntryPoint","urlTemplate":"https:\/\/bolland-marotz.de\/?s={search_term_string}"},"query-input":{"@type":"PropertyValueSpecification","valueRequired":true,"valueName":"search_term_string"}}],"inLanguage":"en-US"}]}},"_links":{"self":[{"href":"https:\/\/bolland-marotz.de\/en\/wp-json\/wp\/v2\/pages\/495","targetHints":{"allow":["GET"]}}],"collection":[{"href":"https:\/\/bolland-marotz.de\/en\/wp-json\/wp\/v2\/pages"}],"about":[{"href":"https:\/\/bolland-marotz.de\/en\/wp-json\/wp\/v2\/types\/page"}],"author":[{"embeddable":true,"href":"https:\/\/bolland-marotz.de\/en\/wp-json\/wp\/v2\/users\/1"}],"replies":[{"embeddable":true,"href":"https:\/\/bolland-marotz.de\/en\/wp-json\/wp\/v2\/comments?post=495"}],"version-history":[{"count":0,"href":"https:\/\/bolland-marotz.de\/en\/wp-json\/wp\/v2\/pages\/495\/revisions"}],"wp:attachment":[{"href":"https:\/\/bolland-marotz.de\/en\/wp-json\/wp\/v2\/media?parent=495"}],"curies":[{"name":"wp","href":"https:\/\/api.w.org\/{rel}","templated":true}]}}